{"id":29810,"date":"2023-02-17T15:30:46","date_gmt":"2023-02-17T13:30:46","guid":{"rendered":"https:\/\/ekukka.fi\/wp2\/?page_id=29810"},"modified":"2025-03-21T15:32:17","modified_gmt":"2025-03-21T13:32:17","slug":"kukkien-merkitys","status":"publish","type":"page","link":"https:\/\/ekukka.fi\/wp2\/vinkit\/kukkien-kieli\/kukkien-merkitys\/","title":{"rendered":"Kukkien merkitys"},"content":{"rendered":"<p>[et_pb_section fb_built=&#8221;1&#8243; fullwidth=&#8221;on&#8221; _builder_version=&#8221;4.20.0&#8243; _module_preset=&#8221;default&#8221; use_background_color_gradient=&#8221;on&#8221; background_color_gradient_stops=&#8221;rgba(0,0,0,0.1) 0%|rgba(0,0,0,0.61) 100%&#8221; background_color_gradient_overlays_image=&#8221;on&#8221; background_color_gradient_start=&#8221;rgba(0,0,0,0.1)&#8221; background_color_gradient_end=&#8221;rgba(0,0,0,0.61)&#8221; background_image=&#8221;https:\/\/ekukka.fi\/wp2\/wp-content\/uploads\/2023\/02\/kukkien-kieli-ekukka-1.jpg&#8221; global_colors_info=&#8221;{}&#8221;][et_pb_fullwidth_header title=&#8221;Kukkien merkitys&#8221; text_orientation=&#8221;center&#8221; _builder_version=&#8221;4.16&#8243; _module_preset=&#8221;default&#8221; title_font=&#8221;Dancing Script|700|||||||&#8221; title_font_size=&#8221;60px&#8221; title_line_height=&#8221;1.2em&#8221; subhead_font=&#8221;EB Garamond|500|||||||&#8221; subhead_font_size=&#8221;24px&#8221; background_enable_color=&#8221;off&#8221; custom_padding=&#8221;140px||140px||true|false&#8221; animation_style=&#8221;fade&#8221; animation_direction=&#8221;bottom&#8221; title_font_size_tablet=&#8221;&#8221; title_font_size_phone=&#8221;52px&#8221; title_font_size_last_edited=&#8221;on|phone&#8221; title_text_shadow_style=&#8221;preset3&#8243; title_text_shadow_color=&#8221;rgba(0,0,0,0.38)&#8221; subhead_text_shadow_style=&#8221;preset3&#8243; subhead_text_shadow_color=&#8221;rgba(0,0,0,0.38)&#8221; global_colors_info=&#8221;{}&#8221;][\/et_pb_fullwidth_header][\/et_pb_section][et_pb_section fb_built=&#8221;1&#8243; _builder_version=&#8221;4.6.6&#8243; _module_preset=&#8221;default&#8221; background_color=&#8221;#fafafa&#8221; custom_padding=&#8221;0px||0px|||&#8221; global_module=&#8221;4662&#8243; global_colors_info=&#8221;{}&#8221;][et_pb_row _builder_version=&#8221;4.16&#8243; _module_preset=&#8221;default&#8221; global_colors_info=&#8221;{}&#8221;][et_pb_column type=&#8221;4_4&#8243; _builder_version=&#8221;4.16&#8243; _module_preset=&#8221;default&#8221; global_colors_info=&#8221;{}&#8221;][lwp_divi_breadcrumbs home_text=&#8221;Etusivu&#8221; _builder_version=&#8221;4.16&#8243; _module_preset=&#8221;default&#8221; global_colors_info=&#8221;{}&#8221;][\/lwp_divi_breadcrumbs][\/et_pb_column][\/et_pb_row][\/et_pb_section][et_pb_section fb_built=&#8221;1&#8243; admin_label=&#8221;Explore Story Section&#8221; _builder_version=&#8221;4.16&#8243; custom_padding=&#8221;60px||40px|||&#8221; global_colors_info=&#8221;{}&#8221;][et_pb_row admin_label=&#8221;Text Area&#8221; _builder_version=&#8221;4.16&#8243; max_width=&#8221;700px&#8221; custom_padding=&#8221;20px|||&#8221; use_custom_width=&#8221;on&#8221; custom_width_px=&#8221;700px&#8221; global_colors_info=&#8221;{}&#8221;][et_pb_column type=&#8221;4_4&#8243; _builder_version=&#8221;4.16&#8243; custom_padding=&#8221;|||&#8221; global_colors_info=&#8221;{}&#8221; custom_padding__hover=&#8221;|||&#8221;][et_pb_text admin_label=&#8221;Title&#8221; _builder_version=&#8221;4.16&#8243; text_font=&#8221;||||||||&#8221; header_font=&#8221;EB Garamond||||||||&#8221; header_2_font=&#8221;EB Garamond|600|||||||&#8221; header_2_text_align=&#8221;center&#8221; header_2_text_color=&#8221;#042A2B&#8221; header_2_font_size=&#8221;36px&#8221; header_2_line_height=&#8221;1.4em&#8221; custom_margin=&#8221;||5px|&#8221; animation_style=&#8221;fade&#8221; animation_direction=&#8221;bottom&#8221; animation_starting_opacity=&#8221;100%&#8221; global_colors_info=&#8221;{}&#8221;]<\/p>\n<h2>Kukat puhuvat omaa salattua kielt\u00e4ns\u00e4. Mit\u00e4 eri kukat kertovat vastaanottajalle?<\/h2>\n<p>[\/et_pb_text][et_pb_divider color=&#8221;#DDC9B4&#8243; divider_position=&#8221;center&#8221; divider_weight=&#8221;8px&#8221; _builder_version=&#8221;4.16&#8243; max_width=&#8221;50px&#8221; module_alignment=&#8221;center&#8221; animation_style=&#8221;fade&#8221; global_colors_info=&#8221;{}&#8221;][\/et_pb_divider][\/et_pb_column][\/et_pb_row][et_pb_row admin_label=&#8221;Text Area&#8221; _builder_version=&#8221;4.16&#8243; max_width=&#8221;700px&#8221; custom_padding=&#8221;20px||14px|||&#8221; use_custom_width=&#8221;on&#8221; custom_width_px=&#8221;700px&#8221; global_colors_info=&#8221;{}&#8221;][et_pb_column type=&#8221;4_4&#8243; _builder_version=&#8221;4.16&#8243; custom_padding=&#8221;|||&#8221; global_colors_info=&#8221;{}&#8221; custom_padding__hover=&#8221;|||&#8221;][et_pb_text _builder_version=&#8221;4.20.0&#8243; text_font=&#8221;|300|||||||&#8221; text_font_size=&#8221;18px&#8221; text_line_height=&#8221;1.8em&#8221; text_orientation=&#8221;center&#8221; animation_style=&#8221;fade&#8221; animation_direction=&#8221;bottom&#8221; animation_starting_opacity=&#8221;100%&#8221; global_colors_info=&#8221;{}&#8221;]<\/p>\n<div class=\"wpb_text_column wpb_content_element \">\n<div class=\"wpb_wrapper\">\n<p style=\"text-align: center;\">Innostus kukkien symboliikkaan kukoisti erityisesti 1800-luvun Englannissa ja Yhdysvalloissa. Kukkia k\u00e4ytettiin rakkauden, surun, kateuden ja kiintymyksen osoittamiseen.<\/p>\n<p style=\"text-align: center;\">T\u00e4m\u00e4n p\u00e4iv\u00e4n symboliikka pohjautuu siis viktoriaaniseen kukkien kieleen. Tutustu kukkien salattuihin viesteihin ja kerro tunteesi kukkal\u00e4hetyksen muodossa!<\/p>\n<p style=\"text-align: center;\">\n<\/div>\n<\/div>\n<p>[\/et_pb_text][\/et_pb_column][\/et_pb_row][et_pb_row admin_label=&#8221;Contributor CTA&#8221; _builder_version=&#8221;4.16&#8243; custom_margin=&#8221;|||&#8221; custom_padding=&#8221;19px|||&#8221; global_colors_info=&#8221;{}&#8221;][et_pb_column type=&#8221;4_4&#8243; _builder_version=&#8221;4.16&#8243; custom_padding=&#8221;|||&#8221; global_colors_info=&#8221;{}&#8221; custom_padding__hover=&#8221;|||&#8221;][et_pb_button button_url=&#8221;\/&#8221; button_text=&#8221;L\u00e4het\u00e4 kukat kotiovelle&#8221; button_alignment=&#8221;center&#8221; _builder_version=&#8221;4.20.0&#8243; _module_preset=&#8221;default&#8221; custom_button=&#8221;on&#8221; button_text_color=&#8221;#ffffff&#8221; button_bg_color=&#8221;#54A800&#8243; button_border_color=&#8221;#54A800&#8243; global_colors_info=&#8221;{}&#8221; button_bg_color__hover_enabled=&#8221;on|hover&#8221; button_bg_color__hover=&#8221;#fc5e6c&#8221; button_bg_enable_color__hover=&#8221;on&#8221; button_border_color__hover_enabled=&#8221;on|hover&#8221; button_border_color__hover=&#8221;#fc5e6c&#8221;][\/et_pb_button][\/et_pb_column][\/et_pb_row][\/et_pb_section][et_pb_section fb_built=&#8221;1&#8243; _builder_version=&#8221;4.20.0&#8243; _module_preset=&#8221;default&#8221; global_colors_info=&#8221;{}&#8221;][et_pb_row column_structure=&#8221;1_2,1_2&#8243; _builder_version=&#8221;4.20.0&#8243; _module_preset=&#8221;default&#8221; min_height=&#8221;500.2px&#8221; custom_margin=&#8221;|auto|-84px|auto||&#8221; global_colors_info=&#8221;{}&#8221;][et_pb_column type=&#8221;1_2&#8243; _builder_version=&#8221;4.20.0&#8243; _module_preset=&#8221;default&#8221; global_colors_info=&#8221;{}&#8221;][et_pb_image src=&#8221;https:\/\/ekukka.fi\/wp2\/wp-content\/uploads\/2023\/02\/kukkien-kieli-daalia.jpg&#8221; _builder_version=&#8221;4.21.0&#8243; _module_preset=&#8221;default&#8221; global_colors_info=&#8221;{}&#8221;][\/et_pb_image][\/et_pb_column][et_pb_column type=&#8221;1_2&#8243; _builder_version=&#8221;4.20.0&#8243; _module_preset=&#8221;default&#8221; global_colors_info=&#8221;{}&#8221;][et_pb_text _builder_version=&#8221;4.20.0&#8243; text_font=&#8221;|300|||||||&#8221; text_font_size=&#8221;18px&#8221; text_line_height=&#8221;2.5em&#8221; animation_style=&#8221;fade&#8221; animation_direction=&#8221;bottom&#8221; animation_starting_opacity=&#8221;100%&#8221; global_colors_info=&#8221;{}&#8221;]<\/p>\n<p><strong>Amaryllis\/ritarinkukka<\/strong> \u2013 P\u00e4\u00e4tt\u00e4v\u00e4isyys, ylpeys<br \/><strong>Anemone\/vuokko<\/strong> \u2013 Innokas odottaminen<br \/><strong>Asteri<\/strong> \u2013 K\u00e4rsiv\u00e4llisyys, hienostuneisuus<br \/><strong>Auringonkukka<\/strong> \u2013 L\u00e4mp\u00f6isyys, positiivisuus, kiitollisuus<br \/><strong>Daalia<\/strong> \u2013 Arvokkuus<br \/><strong>Esikko<\/strong> \u2013 Nuorekas rakkaus, en voi el\u00e4\u00e4 ilman sinua<br \/><strong>Eustoma<\/strong> \u2013 Positiivinen energia<br \/><strong>Flamingokukka<\/strong> \u2013 Ylt\u00e4kyll\u00e4isyys, terveys<br \/><strong>Freesia<\/strong> \u2013 Vapaus, yst\u00e4vyys, luotettavuus<br \/><strong>Gerbera<\/strong> \u2013 Onnellisuus, iloisuus<\/p>\n<p>[\/et_pb_text][\/et_pb_column][\/et_pb_row][et_pb_row column_structure=&#8221;1_2,1_2&#8243; _builder_version=&#8221;4.20.0&#8243; _module_preset=&#8221;default&#8221; global_colors_info=&#8221;{}&#8221;][et_pb_column type=&#8221;1_2&#8243; _builder_version=&#8221;4.20.0&#8243; _module_preset=&#8221;default&#8221; global_colors_info=&#8221;{}&#8221;][et_pb_text _builder_version=&#8221;4.20.0&#8243; text_font=&#8221;|300|||||||&#8221; text_font_size=&#8221;18px&#8221; text_line_height=&#8221;2.5em&#8221; animation_style=&#8221;fade&#8221; animation_direction=&#8221;bottom&#8221; animation_starting_opacity=&#8221;100%&#8221; global_colors_info=&#8221;{}&#8221;]<\/p>\n<p><strong>Gloksinia<\/strong> \u2013 Rakkaus ensi silm\u00e4yksell\u00e4 <br \/><strong>Harsokukka<\/strong> \u2013 Puhtaus, viattomuus <br \/><strong>Hortensia<\/strong> \u2013 Kiitollisuus <br \/><strong>Hyasintti<\/strong> \u2013 Leikkisyys, varomattomuus <br \/><strong>Iiris\/kurjenmiekka<\/strong> \u2013 Viisaus, voima, intohimo <br \/><strong>Kalla<\/strong> \u2013 Puhtaus, joskus my\u00f6s kuolema <br \/><strong>Kamelia<\/strong> \u2013 Kohtalo<br \/><strong>Katkero<\/strong> \u2013 Voima, parantuminen<br \/><strong>Keh\u00e4kukka<\/strong> \u2013 Onni, ilo<br \/><strong>Kielo<\/strong> \u2013 Puhtaus, nostalagia<\/p>\n<p>[\/et_pb_text][\/et_pb_column][et_pb_column type=&#8221;1_2&#8243; _builder_version=&#8221;4.20.0&#8243; _module_preset=&#8221;default&#8221; global_colors_info=&#8221;{}&#8221;][et_pb_image src=&#8221;https:\/\/ekukka.fi\/wp2\/wp-content\/uploads\/2023\/02\/kukkien-kieli-kielo.jpg&#8221; _builder_version=&#8221;4.21.0&#8243; _module_preset=&#8221;default&#8221; global_colors_info=&#8221;{}&#8221;][\/et_pb_image][\/et_pb_column][\/et_pb_row][et_pb_row column_structure=&#8221;1_2,1_2&#8243; _builder_version=&#8221;4.20.0&#8243; _module_preset=&#8221;default&#8221; min_height=&#8221;334px&#8221; custom_padding=&#8221;||51px|||&#8221; global_colors_info=&#8221;{}&#8221;][et_pb_column type=&#8221;1_2&#8243; _builder_version=&#8221;4.20.0&#8243; _module_preset=&#8221;default&#8221; global_colors_info=&#8221;{}&#8221;][et_pb_image src=&#8221;https:\/\/ekukka.fi\/wp2\/wp-content\/uploads\/2023\/02\/kukkien-kieli-magnolia.jpg&#8221; _builder_version=&#8221;4.21.0&#8243; _module_preset=&#8221;default&#8221; global_colors_info=&#8221;{}&#8221;][\/et_pb_image][\/et_pb_column][et_pb_column type=&#8221;1_2&#8243; _builder_version=&#8221;4.20.0&#8243; _module_preset=&#8221;default&#8221; global_colors_info=&#8221;{}&#8221;][et_pb_text _builder_version=&#8221;4.20.0&#8243; text_font=&#8221;|300|||||||&#8221; text_font_size=&#8221;18px&#8221; text_line_height=&#8221;2.5em&#8221; custom_margin=&#8221;||-83px|||&#8221; animation_style=&#8221;fade&#8221; animation_direction=&#8221;bottom&#8221; animation_starting_opacity=&#8221;100%&#8221; global_colors_info=&#8221;{}&#8221;]<\/p>\n<p><strong>Kiinanruusu<\/strong> \u2013 Kauneus, onnellisuus<strong><br \/>Koristekirsikka <\/strong>\u2013 El\u00e4m\u00e4n katoavaisuus, uudistuminen, optimismi<br \/><strong>Kosmoskukka <\/strong>\u2013 Harmonia, j\u00e4rjestys, rauha<strong><br \/>Krookus<\/strong> \u2013 Hyv\u00e4ntuulisuus<strong><br \/>Krysanteemi <\/strong>\u2013 Lojaalisuus, muodollisuus, suru, pitk\u00e4ik\u00e4isyys<strong><br \/>K\u00e4rh\u00f6<\/strong> \u2013 Viisaus, sis\u00e4inen kauneus<strong><br \/>Leijonankita<\/strong> \u2013 V\u00e4linpit\u00e4m\u00e4tt\u00f6myys, petos<br \/><strong>Leinikki <\/strong>\u2013 Vieh\u00e4tt\u00e4vyys<strong><br \/>Lemmikki<\/strong> \u2013 \u00c4l\u00e4 unohda minua<br \/><strong>Leukoija<\/strong> \u2013 Tyytyv\u00e4isyys, onnellisuus<br \/><strong>Lilja<\/strong> \u2013 Puhtaus, hyveellisyys<br \/><strong>Lootus<\/strong> \u2013 Valaistuminen<br \/><strong>Lumikello<\/strong> \u2013 Toivo, viattomuus, uudelleensyntym\u00e4<br \/><strong>Magnolia<\/strong> \u2013 Ylevyys, pysyvyys, arvokkuus<\/p>\n<p>[\/et_pb_text][\/et_pb_column][\/et_pb_row][et_pb_row column_structure=&#8221;1_2,1_2&#8243; _builder_version=&#8221;4.20.0&#8243; _module_preset=&#8221;default&#8221; global_colors_info=&#8221;{}&#8221;][et_pb_column type=&#8221;1_2&#8243; _builder_version=&#8221;4.20.0&#8243; _module_preset=&#8221;default&#8221; global_colors_info=&#8221;{}&#8221;][et_pb_text _builder_version=&#8221;4.20.0&#8243; text_font=&#8221;|300|||||||&#8221; text_font_size=&#8221;18px&#8221; text_line_height=&#8221;2.5em&#8221; custom_margin=&#8221;||-66px|||&#8221; animation_style=&#8221;fade&#8221; animation_direction=&#8221;bottom&#8221; animation_starting_opacity=&#8221;100%&#8221; global_colors_info=&#8221;{}&#8221;]<\/p>\n<p><strong>Miekkalilja<\/strong> \u2013 Vahvuus, korkea moraali<strong><br \/>Mimosa\/hopea-akaasia <\/strong>\u2013 Solidaarisuus<strong><br \/>Narsissi<\/strong> \u2013 Itsekkyys, uudelleensyntym\u00e4, uusi alku<strong><br \/>Neilikka<\/strong> \u2013 Arvaamattomuus, ihailu, intohimo<strong><br \/>Orvokki <\/strong>\u2013 Uskollisuus, muodollisuus<strong><br \/>Pioni<\/strong> \u2013 Onnekkuus, arvokkuus, my\u00f6t\u00e4tunto<br \/><strong>Ritarinkannus<\/strong> \u2013 Kevytmielisyys, ilo<br \/><strong>Ruiskaunokki<\/strong> \u2013 Toivo, muisto, omistautuneisuus<\/p>\n<p>[\/et_pb_text][\/et_pb_column][et_pb_column type=&#8221;1_2&#8243; _builder_version=&#8221;4.20.0&#8243; _module_preset=&#8221;default&#8221; global_colors_info=&#8221;{}&#8221;][et_pb_image src=&#8221;https:\/\/ekukka.fi\/wp2\/wp-content\/uploads\/2023\/02\/kukkien-kieli-ruusu-valkoinen.jpg&#8221; _builder_version=&#8221;4.21.0&#8243; _module_preset=&#8221;default&#8221; global_colors_info=&#8221;{}&#8221;][\/et_pb_image][\/et_pb_column][\/et_pb_row][et_pb_row column_structure=&#8221;1_2,1_2&#8243; _builder_version=&#8221;4.20.0&#8243; _module_preset=&#8221;default&#8221; min_height=&#8221;165px&#8221; custom_padding=&#8221;||2px|||&#8221; global_colors_info=&#8221;{}&#8221;][et_pb_column type=&#8221;1_2&#8243; _builder_version=&#8221;4.20.0&#8243; _module_preset=&#8221;default&#8221; global_colors_info=&#8221;{}&#8221;][et_pb_image src=&#8221;https:\/\/ekukka.fi\/wp2\/wp-content\/uploads\/2023\/02\/kukkien-kieli-tulppaani.jpg&#8221; _builder_version=&#8221;4.21.0&#8243; _module_preset=&#8221;default&#8221; global_colors_info=&#8221;{}&#8221;][\/et_pb_image][\/et_pb_column][et_pb_column type=&#8221;1_2&#8243; _builder_version=&#8221;4.20.0&#8243; _module_preset=&#8221;default&#8221; global_colors_info=&#8221;{}&#8221;][et_pb_text _builder_version=&#8221;4.20.0&#8243; text_font=&#8221;|300|||||||&#8221; text_font_size=&#8221;18px&#8221; text_line_height=&#8221;2.5em&#8221; custom_margin=&#8221;-5px|||||&#8221; custom_padding=&#8221;11px|||||&#8221; animation_style=&#8221;fade&#8221; animation_direction=&#8221;bottom&#8221; animation_starting_opacity=&#8221;100%&#8221; global_colors_info=&#8221;{}&#8221;]<\/p>\n<p><strong>Ruusu, punainen <\/strong>\u2013 Rakkaus<strong><br \/>Ruusu, vaaleanpunainen<\/strong> \u2013 Ylv\u00e4ys, suloisuus<strong><br \/>Ruusu, valkoinen <\/strong>\u2013 Uusi alku, viisaus<strong><br \/>Ruusu, keltainen<\/strong> \u2013 Yst\u00e4vyys, innokkuus<strong><br \/>Syreeni<\/strong> \u2013 Ensimm\u00e4iset rakastumisen tunteet<strong><br \/>Syysleimu<\/strong> \u2013 Yksimielisyys, harmonia<br \/><strong>Tarhaneito<\/strong> \u2013 Rakkaus, harmonia, ihmisten v\u00e4liset siteet\u00a0<\/p>\n<p>[\/et_pb_text][\/et_pb_column][\/et_pb_row][et_pb_row column_structure=&#8221;1_2,1_2&#8243; _builder_version=&#8221;4.20.0&#8243; _module_preset=&#8221;default&#8221; custom_padding=&#8221;0px|||||&#8221; global_colors_info=&#8221;{}&#8221;][et_pb_column type=&#8221;1_2&#8243; _builder_version=&#8221;4.20.0&#8243; _module_preset=&#8221;default&#8221; global_colors_info=&#8221;{}&#8221;][et_pb_text _builder_version=&#8221;4.20.0&#8243; text_font=&#8221;|300|||||||&#8221; text_font_size=&#8221;18px&#8221; text_line_height=&#8221;2.5em&#8221; min_height=&#8221;190.8px&#8221; custom_margin=&#8221;||-66px|||&#8221; animation_style=&#8221;fade&#8221; animation_direction=&#8221;bottom&#8221; animation_starting_opacity=&#8221;100%&#8221; global_colors_info=&#8221;{}&#8221;]<\/p>\n<p><strong>Tarhapiisku<\/strong> \u2013 Hyv\u00e4 onni<br \/><strong>Tuberosa<\/strong> \u2013 Mielihyv\u00e4<br \/><strong>Tulppaani<\/strong> \u2013 Yst\u00e4vyys<br \/><strong>Tuoksuherne<\/strong> \u2013 Kiitollisuus, onnellisuus<br \/><strong>T\u00e4dyke<\/strong> \u2013 Lojaalisuus, sitoutuneisus<br \/><strong>Unikko<\/strong> \u2013 Uni, rauha, muistot, joskus my\u00f6s kuolema<\/p>\n<p>[\/et_pb_text][\/et_pb_column][et_pb_column type=&#8221;1_2&#8243; _builder_version=&#8221;4.20.0&#8243; _module_preset=&#8221;default&#8221; global_colors_info=&#8221;{}&#8221;][et_pb_image src=&#8221;https:\/\/ekukka.fi\/wp2\/wp-content\/uploads\/2023\/02\/kukkien-kieli-hortensia.jpg&#8221; _builder_version=&#8221;4.21.0&#8243; _module_preset=&#8221;default&#8221; global_colors_info=&#8221;{}&#8221;][\/et_pb_image][\/et_pb_column][\/et_pb_row][\/et_pb_section]<\/p>\n","protected":false},"excerpt":{"rendered":"<p><div class=\"et_pb_module lwp_divi_breadcrumbs lwp_divi_breadcrumbs_0\">\n\t\t\t\t\n\t\t\t\t\n\t\t\t\t\n\t\t\t\t\n\t\t\t\t\n\t\t\t\t\n\t\t\t\t<div class=\"et_pb_module_inner\">\n\t\t\t\t\t<div class=\"lwp-breadcrumbs\"> <span class=\"before\"><\/span> <span vocab=\"https:\/\/schema.org\/\" typeof=\"BreadcrumbList\"><span property=\"itemListElement\" typeof=\"ListItem\"><a property=\"item\" typeof=\"WebPage\" href=\"https:\/\/ekukka.fi\/wp2\/\" class=\"home\"><span property=\"name\">Etusivu<\/span><\/a><meta property=\"position\" content=\"1\"><\/span> <span class=\"separator et-pb-icon\">&#x39;<\/span> <\/span><\/div>\n\t\t\t\t<\/div>\n\t\t\t<\/div>Kukat puhuvat omaa salattua kielt\u00e4ns\u00e4. Mit\u00e4 eri kukat kertovat vastaanottajalle? Innostus kukkien symboliikkaan kukoisti erityisesti 1800-luvun Englannissa ja Yhdysvalloissa. Kukkia k\u00e4ytettiin rakkauden, surun, kateuden ja kiintymyksen osoittamiseen. T\u00e4m\u00e4n p\u00e4iv\u00e4n symboliikka pohjautuu siis viktoriaaniseen kukkien kieleen. Tutustu kukkien salattuihin viesteihin ja kerro tunteesi kukkal\u00e4hetyksen muodossa! Amaryllis\/ritarinkukka \u2013 P\u00e4\u00e4tt\u00e4v\u00e4isyys, ylpeysAnemone\/vuokko \u2013 Innokas odottaminenAsteri<a class=\"moretag\" href=\"https:\/\/ekukka.fi\/wp2\/vinkit\/kukkien-kieli\/kukkien-merkitys\/\"\u00bb Lue lis\u00e4\u00e4<\/a><\/p>\n","protected":false},"author":5,"featured_media":0,"parent":4988,"menu_order":0,"comment_status":"closed","ping_status":"closed","template":"","meta":{"_acf_changed":false,"_et_pb_use_builder":"on","_et_pb_old_content":"","_et_gb_content_width":"","inline_featured_image":false,"footnotes":""},"sivujen_kategoriat":[],"class_list":["post-29810","page","type-page","status-publish","hentry"],"acf":[],"_links":{"self":[{"href":"https:\/\/ekukka.fi\/wp2\/wp-json\/wp\/v2\/pages\/29810","targetHints":{"allow":["GET"]}}],"collection":[{"href":"https:\/\/ekukka.fi\/wp2\/wp-json\/wp\/v2\/pages"}],"about":[{"href":"https:\/\/ekukka.fi\/wp2\/wp-json\/wp\/v2\/types\/page"}],"author":[{"embeddable":true,"href":"https:\/\/ekukka.fi\/wp2\/wp-json\/wp\/v2\/users\/5"}],"replies":[{"embeddable":true,"href":"https:\/\/ekukka.fi\/wp2\/wp-json\/wp\/v2\/comments?post=29810"}],"version-history":[{"count":57,"href":"https:\/\/ekukka.fi\/wp2\/wp-json\/wp\/v2\/pages\/29810\/revisions"}],"predecessor-version":[{"id":34488,"href":"https:\/\/ekukka.fi\/wp2\/wp-json\/wp\/v2\/pages\/29810\/revisions\/34488"}],"up":[{"embeddable":true,"href":"https:\/\/ekukka.fi\/wp2\/wp-json\/wp\/v2\/pages\/4988"}],"wp:attachment":[{"href":"https:\/\/ekukka.fi\/wp2\/wp-json\/wp\/v2\/media?parent=29810"}],"wp:term":[{"taxonomy":"sivujen_kategoriat","embeddable":true,"href":"https:\/\/ekukka.fi\/wp2\/wp-json\/wp\/v2\/sivujen_kategoriat?post=29810"}],"curies":[{"name":"wp","href":"https:\/\/api.w.org\/{rel}","templated":true}]}}