{"id":32674,"date":"2023-10-06T11:30:06","date_gmt":"2023-10-06T08:30:06","guid":{"rendered":"https:\/\/ekukka.fi\/wp2\/?page_id=32674"},"modified":"2023-10-06T11:30:40","modified_gmt":"2023-10-06T08:30:40","slug":"tilausohjeet","status":"publish","type":"page","link":"https:\/\/ekukka.fi\/wp2\/tilausohjeet\/","title":{"rendered":"Tilausohjeet"},"content":{"rendered":"\n[et_pb_section fb_built=&#8221;1&#8243; fullwidth=&#8221;on&#8221; _builder_version=&#8221;4.22.1&#8243; _module_preset=&#8221;default&#8221; use_background_color_gradient=&#8221;on&#8221; background_color_gradient_stops=&#8221;rgba(0,0,0,0.1) 0%|rgba(0,0,0,0.61) 100%&#8221; background_color_gradient_overlays_image=&#8221;on&#8221; background_color_gradient_start=&#8221;rgba(0,0,0,0.1)&#8221; background_color_gradient_end=&#8221;rgba(0,0,0,0.61)&#8221; background_image=&#8221;https:\/\/ekukka.fi\/wp2\/wp-content\/uploads\/2023\/09\/ekukka-ukk-1.jpg&#8221; global_colors_info=&#8221;{}&#8221;][et_pb_fullwidth_header title=&#8221;Tilausohjeet&#8221; text_orientation=&#8221;center&#8221; _builder_version=&#8221;4.16&#8243; _module_preset=&#8221;default&#8221; title_font=&#8221;Dancing Script|700|||||||&#8221; title_font_size=&#8221;60px&#8221; title_line_height=&#8221;1.2em&#8221; subhead_font=&#8221;EB Garamond|500|||||||&#8221; subhead_font_size=&#8221;24px&#8221; background_enable_color=&#8221;off&#8221; custom_padding=&#8221;140px||140px||true|false&#8221; animation_style=&#8221;fade&#8221; animation_direction=&#8221;bottom&#8221; title_font_size_tablet=&#8221;&#8221; title_font_size_phone=&#8221;52px&#8221; title_font_size_last_edited=&#8221;on|phone&#8221; title_text_shadow_style=&#8221;preset3&#8243; title_text_shadow_color=&#8221;rgba(0,0,0,0.38)&#8221; subhead_text_shadow_style=&#8221;preset3&#8243; subhead_text_shadow_color=&#8221;rgba(0,0,0,0.38)&#8221; global_colors_info=&#8221;{}&#8221;][\/et_pb_fullwidth_header][\/et_pb_section][et_pb_section fb_built=&#8221;1&#8243; admin_label=&#8221;Explore Story Section&#8221; _builder_version=&#8221;4.22.2&#8243; custom_padding=&#8221;58px||13px||false|false&#8221; global_colors_info=&#8221;{}&#8221;][et_pb_row _builder_version=&#8221;4.22.2&#8243; _module_preset=&#8221;default&#8221; global_colors_info=&#8221;{}&#8221;][et_pb_column type=&#8221;4_4&#8243; _builder_version=&#8221;4.22.2&#8243; _module_preset=&#8221;default&#8221; global_colors_info=&#8221;{}&#8221;][et_pb_image src=&#8221;https:\/\/ekukka.fi\/wp2\/wp-content\/uploads\/2023\/09\/TIlauspolku-23.jpg&#8221; src_tablet=&#8221;https:\/\/ekukka.fi\/wp2\/wp-content\/uploads\/2023\/09\/TIlauspolku-23.jpg&#8221; src_phone=&#8221;https:\/\/ekukka.fi\/wp2\/wp-content\/uploads\/2023\/09\/TIlauspolku-21.jpg&#8221; src_last_edited=&#8221;on|desktop&#8221; _builder_version=&#8221;4.22.2&#8243; _module_preset=&#8221;default&#8221; global_colors_info=&#8221;{}&#8221;][\/et_pb_image][\/et_pb_column][\/et_pb_row][\/et_pb_section][et_pb_section fb_built=&#8221;1&#8243; _builder_version=&#8221;4.22.1&#8243; _module_preset=&#8221;default&#8221; custom_margin=&#8221;||-24px|||&#8221; custom_padding=&#8221;||0px|||&#8221; global_colors_info=&#8221;{}&#8221;][et_pb_row _builder_version=&#8221;4.22.2&#8243; _module_preset=&#8221;default&#8221; global_colors_info=&#8221;{}&#8221;][et_pb_column type=&#8221;4_4&#8243; _builder_version=&#8221;4.22.2&#8243; _module_preset=&#8221;default&#8221; global_colors_info=&#8221;{}&#8221;][et_pb_image src=&#8221;https:\/\/ekukka.fi\/wp2\/wp-content\/uploads\/2023\/09\/TIlauspolku-02.jpg&#8221; _builder_version=&#8221;4.22.2&#8243; _module_preset=&#8221;default&#8221; width=&#8221;14%&#8221; max_width=&#8221;100%&#8221; custom_margin=&#8221;||-31px||false|false&#8221; global_colors_info=&#8221;{}&#8221;][\/et_pb_image][\/et_pb_column][\/et_pb_row][et_pb_row _builder_version=&#8221;4.22.1&#8243; _module_preset=&#8221;default&#8221; global_colors_info=&#8221;{}&#8221;][et_pb_column type=&#8221;4_4&#8243; _builder_version=&#8221;4.22.1&#8243; _module_preset=&#8221;default&#8221; global_colors_info=&#8221;{}&#8221;][et_pb_heading title=&#8221;1. Hae kukkakauppa&#8221; _builder_version=&#8221;4.22.2&#8243; _module_preset=&#8221;default&#8221; title_level=&#8221;h2&#8243; title_font=&#8221;EB Garamond|600|||||||&#8221; title_text_color=&#8221;#042a2b&#8221; title_font_size=&#8221;36px&#8221; custom_margin=&#8221;||-1px|||&#8221; global_colors_info=&#8221;{}&#8221;][\/et_pb_heading][et_pb_text _builder_version=&#8221;4.22.1&#8243; text_font=&#8221;|300|||||||&#8221; text_font_size=&#8221;18px&#8221; text_line_height=&#8221;1.8em&#8221; animation_style=&#8221;fade&#8221; animation_direction=&#8221;bottom&#8221; animation_starting_opacity=&#8221;100%&#8221; global_colors_info=&#8221;{}&#8221;]<ul>\n<li aria-level=\"1\"><span>Valitse toimitus tai nouto.<\/span><\/li>\n<li aria-level=\"1\"><span>Kirjoita osoite.\u00a0<\/span><\/li>\n<li aria-level=\"1\"><span>Valitse p\u00e4iv\u00e4m\u00e4\u00e4r\u00e4.<\/span><\/li>\n<li aria-level=\"1\"><span>Hae kukkakauppoja.<\/span><\/li>\n<\/ul>\n<ul>\n<li aria-level=\"1\"><span>Voit my\u00f6s hakea suoraan kaikki paikkakunnan kukkakaupat valitsemalla paikkakunnan listasta.<\/span><\/li>\n<\/ul>[\/et_pb_text][\/et_pb_column][\/et_pb_row][\/et_pb_section][et_pb_section fb_built=&#8221;1&#8243; _builder_version=&#8221;4.22.1&#8243; _module_preset=&#8221;default&#8221; custom_margin=&#8221;||-24px|||&#8221; custom_padding=&#8221;||0px|||&#8221; global_colors_info=&#8221;{}&#8221;][et_pb_row _builder_version=&#8221;4.22.2&#8243; _module_preset=&#8221;default&#8221; global_colors_info=&#8221;{}&#8221;][et_pb_column type=&#8221;4_4&#8243; _builder_version=&#8221;4.22.2&#8243; _module_preset=&#8221;default&#8221; global_colors_info=&#8221;{}&#8221;][et_pb_image src=&#8221;https:\/\/ekukka.fi\/wp2\/wp-content\/uploads\/2023\/09\/TIlauspolku-03.jpg&#8221; _builder_version=&#8221;4.22.2&#8243; _module_preset=&#8221;default&#8221; width=&#8221;14%&#8221; max_width=&#8221;100%&#8221; custom_margin=&#8221;||-31px||false|false&#8221; global_colors_info=&#8221;{}&#8221;][\/et_pb_image][\/et_pb_column][\/et_pb_row][et_pb_row _builder_version=&#8221;4.22.1&#8243; _module_preset=&#8221;default&#8221; global_colors_info=&#8221;{}&#8221;][et_pb_column type=&#8221;4_4&#8243; _builder_version=&#8221;4.22.1&#8243; _module_preset=&#8221;default&#8221; global_colors_info=&#8221;{}&#8221;][et_pb_heading title=&#8221;2. Valitse hakutuloksista sopiva kukkakauppa kukkatilaukselle&#8221; _builder_version=&#8221;4.22.2&#8243; _module_preset=&#8221;default&#8221; title_level=&#8221;h2&#8243; title_font=&#8221;EB Garamond|600|||||||&#8221; title_text_color=&#8221;#042a2b&#8221; title_font_size=&#8221;36px&#8221; custom_margin=&#8221;||-1px|||&#8221; global_colors_info=&#8221;{}&#8221;][\/et_pb_heading][et_pb_text _builder_version=&#8221;4.22.1&#8243; text_font=&#8221;|300|||||||&#8221; text_font_size=&#8221;18px&#8221; text_line_height=&#8221;1.8em&#8221; animation_style=&#8221;fade&#8221; animation_direction=&#8221;bottom&#8221; animation_starting_opacity=&#8221;100%&#8221; global_colors_info=&#8221;{}&#8221;]<ul>\n<li aria-level=\"1\">Voit tehd\u00e4 nopeasti uuden haun, jos hakutilanteessa on tullut virhe.<\/li>\n<li aria-level=\"1\">Voit valita toimituksen tai noudon ja p\u00e4iv\u00e4m\u00e4\u00e4r\u00e4n tilaukselle.<\/li>\n<li aria-level=\"1\">Voit tarkastella kauppojen sijainteja painamalla N\u00e4yt\u00e4 kartta -painiketta.<\/li>\n<li aria-level=\"1\">Kaupat listataan aakkosittain tai et\u00e4isyyden mukaan riippuen tehdyst\u00e4 hausta.<\/li>\n<li aria-level=\"1\">N\u00e4et kukkakauppojen seuraavan toimitus- tai noutoajan listauksessa.<\/li>\n<li aria-level=\"1\">N\u00e4et listauksesta mm. toimitushinnat alkaen ja toimitusalueet.<\/li>\n<li aria-level=\"1\">Voit katsoa lis\u00e4tietoja kukkakaupasta painamalla Lis\u00e4tieto-painiketta.<\/li>\n<li aria-level=\"1\">Valitse kukkakauppa ja siirry verkkokauppaan.<\/li>\n<\/ul>[\/et_pb_text][\/et_pb_column][\/et_pb_row][\/et_pb_section][et_pb_section fb_built=&#8221;1&#8243; _builder_version=&#8221;4.22.1&#8243; _module_preset=&#8221;default&#8221; custom_margin=&#8221;||-24px|||&#8221; custom_padding=&#8221;||0px|||&#8221; global_colors_info=&#8221;{}&#8221;][et_pb_row _builder_version=&#8221;4.22.2&#8243; _module_preset=&#8221;default&#8221; global_colors_info=&#8221;{}&#8221;][et_pb_column type=&#8221;4_4&#8243; _builder_version=&#8221;4.22.2&#8243; _module_preset=&#8221;default&#8221; global_colors_info=&#8221;{}&#8221;][et_pb_image src=&#8221;https:\/\/ekukka.fi\/wp2\/wp-content\/uploads\/2023\/09\/TIlauspolku-04.jpg&#8221; _builder_version=&#8221;4.22.2&#8243; _module_preset=&#8221;default&#8221; width=&#8221;14%&#8221; max_width=&#8221;100%&#8221; custom_margin=&#8221;||-31px||false|false&#8221; global_colors_info=&#8221;{}&#8221;][\/et_pb_image][\/et_pb_column][\/et_pb_row][et_pb_row _builder_version=&#8221;4.22.1&#8243; _module_preset=&#8221;default&#8221; global_colors_info=&#8221;{}&#8221;][et_pb_column type=&#8221;4_4&#8243; _builder_version=&#8221;4.22.1&#8243; _module_preset=&#8221;default&#8221; global_colors_info=&#8221;{}&#8221;][et_pb_heading title=&#8221;3. Valitse tuotteet&#8221; _builder_version=&#8221;4.22.2&#8243; _module_preset=&#8221;default&#8221; title_level=&#8221;h2&#8243; title_font=&#8221;EB Garamond|600|||||||&#8221; title_text_color=&#8221;#042a2b&#8221; title_font_size=&#8221;36px&#8221; custom_margin=&#8221;||-1px|||&#8221; global_colors_info=&#8221;{}&#8221;][\/et_pb_heading][et_pb_text _builder_version=&#8221;4.22.1&#8243; text_font=&#8221;|300|||||||&#8221; text_font_size=&#8221;18px&#8221; text_line_height=&#8221;1.8em&#8221; animation_style=&#8221;fade&#8221; animation_direction=&#8221;bottom&#8221; animation_starting_opacity=&#8221;100%&#8221; global_colors_info=&#8221;{}&#8221;]<ul>\n<li aria-level=\"1\"><span>Voit tarkistaa toimituksen hinnan ja toimittaako kauppa haluamaasi osoitteeseen valitulla p\u00e4iv\u00e4m\u00e4\u00e4r\u00e4ll\u00e4.<\/span><\/li>\n<li aria-level=\"1\"><span>Valitse haluamasi tuotteet ostoskoriin.<\/span><\/li>\n<li aria-level=\"1\"><span>Huom! Hautajaiskukat ovat usein ennakkotilaustuotteita ja niiss\u00e4 tilausaika voi olla esimerkiksi 5 p\u00e4iv\u00e4\u00e4 ennen toimitusta tai noutoa kukkakaupasta. Adressin tai surunauhan tekstin voit kirjoittaa kassalla kohdassa \u201cHuomioita tilaukseen\u201d.<\/span><\/li>\n<li aria-level=\"1\"><span>Huom! Voit valita kortin jo t\u00e4ss\u00e4 vaiheessa, jos kaupan omassa valikoimassa on kortteja erikseen myyt\u00e4v\u00e4n\u00e4. Viesti kirjoitetaan kassalla.<\/span><\/li>\n<li aria-level=\"1\"><span>Kun tuotteet ovat valittuna, mene kassalle.<\/span><\/li>\n<\/ul>[\/et_pb_text][\/et_pb_column][\/et_pb_row][\/et_pb_section][et_pb_section fb_built=&#8221;1&#8243; _builder_version=&#8221;4.22.1&#8243; _module_preset=&#8221;default&#8221; custom_margin=&#8221;||-24px|||&#8221; custom_padding=&#8221;||0px|||&#8221; global_colors_info=&#8221;{}&#8221;][et_pb_row _builder_version=&#8221;4.22.2&#8243; _module_preset=&#8221;default&#8221; global_colors_info=&#8221;{}&#8221;][et_pb_column type=&#8221;4_4&#8243; _builder_version=&#8221;4.22.2&#8243; _module_preset=&#8221;default&#8221; global_colors_info=&#8221;{}&#8221;][et_pb_image src=&#8221;https:\/\/ekukka.fi\/wp2\/wp-content\/uploads\/2023\/09\/TIlauspolku-05.jpg&#8221; _builder_version=&#8221;4.22.2&#8243; _module_preset=&#8221;default&#8221; width=&#8221;14%&#8221; max_width=&#8221;100%&#8221; custom_margin=&#8221;||-31px||false|false&#8221; global_colors_info=&#8221;{}&#8221;][\/et_pb_image][\/et_pb_column][\/et_pb_row][et_pb_row _builder_version=&#8221;4.22.1&#8243; _module_preset=&#8221;default&#8221; global_colors_info=&#8221;{}&#8221;][et_pb_column type=&#8221;4_4&#8243; _builder_version=&#8221;4.22.1&#8243; _module_preset=&#8221;default&#8221; global_colors_info=&#8221;{}&#8221;][et_pb_heading title=&#8221;4. Lis\u00e4\u00e4 kortti kassalta&#8221; _builder_version=&#8221;4.22.2&#8243; _module_preset=&#8221;default&#8221; title_level=&#8221;h2&#8243; title_font=&#8221;EB Garamond|600|||||||&#8221; title_text_color=&#8221;#042a2b&#8221; title_font_size=&#8221;36px&#8221; custom_margin=&#8221;||-1px|||&#8221; global_colors_info=&#8221;{}&#8221;][\/et_pb_heading][et_pb_text _builder_version=&#8221;4.22.1&#8243; text_font=&#8221;|300|||||||&#8221; text_font_size=&#8221;18px&#8221; text_line_height=&#8221;1.8em&#8221; animation_style=&#8221;fade&#8221; animation_direction=&#8221;bottom&#8221; animation_starting_opacity=&#8221;100%&#8221; global_colors_info=&#8221;{}&#8221;]<ul>\n<li aria-level=\"1\"><span>Valitse kortti halutessasi.<\/span><\/li>\n<li aria-level=\"1\"><span>Kirjoita viesti.<\/span><\/li>\n<\/ul>[\/et_pb_text][\/et_pb_column][\/et_pb_row][\/et_pb_section][et_pb_section fb_built=&#8221;1&#8243; _builder_version=&#8221;4.22.1&#8243; _module_preset=&#8221;default&#8221; custom_margin=&#8221;||-24px|||&#8221; custom_padding=&#8221;||0px|||&#8221; global_colors_info=&#8221;{}&#8221;][et_pb_row _builder_version=&#8221;4.22.2&#8243; _module_preset=&#8221;default&#8221; global_colors_info=&#8221;{}&#8221;][et_pb_column type=&#8221;4_4&#8243; _builder_version=&#8221;4.22.2&#8243; _module_preset=&#8221;default&#8221; global_colors_info=&#8221;{}&#8221;][et_pb_image src=&#8221;https:\/\/ekukka.fi\/wp2\/wp-content\/uploads\/2023\/09\/TIlauspolku-06.jpg&#8221; _builder_version=&#8221;4.22.2&#8243; _module_preset=&#8221;default&#8221; width=&#8221;14%&#8221; max_width=&#8221;100%&#8221; custom_margin=&#8221;||-31px||false|false&#8221; global_colors_info=&#8221;{}&#8221;][\/et_pb_image][\/et_pb_column][\/et_pb_row][et_pb_row _builder_version=&#8221;4.22.1&#8243; _module_preset=&#8221;default&#8221; global_colors_info=&#8221;{}&#8221;][et_pb_column type=&#8221;4_4&#8243; _builder_version=&#8221;4.22.1&#8243; _module_preset=&#8221;default&#8221; global_colors_info=&#8221;{}&#8221;][et_pb_heading title=&#8221;5. T\u00e4yt\u00e4 tilaajan, vastaanottajan ja tilauksen tiedot&#8221; _builder_version=&#8221;4.22.2&#8243; _module_preset=&#8221;default&#8221; title_level=&#8221;h2&#8243; title_font=&#8221;EB Garamond|600|||||||&#8221; title_text_color=&#8221;#042a2b&#8221; title_font_size=&#8221;36px&#8221; custom_margin=&#8221;||-1px|||&#8221; global_colors_info=&#8221;{}&#8221;][\/et_pb_heading][et_pb_text _builder_version=&#8221;4.22.1&#8243; text_font=&#8221;|300|||||||&#8221; text_font_size=&#8221;18px&#8221; text_line_height=&#8221;1.8em&#8221; animation_style=&#8221;fade&#8221; animation_direction=&#8221;bottom&#8221; animation_starting_opacity=&#8221;100%&#8221; global_colors_info=&#8221;{}&#8221;]<ul>\n<li aria-level=\"1\"><span>Kirjoita tilaajan tiedot tai kirjaudu sis\u00e4\u00e4n Oma eKukkaan automaattit\u00e4ytt\u00f6\u00e4 varten.<\/span><span><\/span><\/li>\n<li aria-level=\"1\"><span><\/span><span>Valitse toimitus, nouto tai mahdollinen erikoistoimitus.<br \/><\/span><span><\/span><\/li>\n<li aria-level=\"1\"><span>Valitse nouto- tai toimitusp\u00e4iv\u00e4m\u00e4\u00e4r\u00e4.<br \/><\/span><span>-&gt; Noutaessa: valitse noutopaikka<br \/><\/span><span>-&gt; Toimituksessa: kirjoita vastaanottajan tiedot<br \/><\/span><span>-&gt; Erikoistoimituksessa: valitse toimitustapa<\/span><span><\/span><\/li>\n<li aria-level=\"1\"><span>Kirjoita huomioita tilaukseen, jotka mahdollistavat toimituksen onnistumisen.<br \/><\/span><span>-&gt; Noudoissa toivomasi noutoaika ja noutajan nimi, jos h\u00e4n on eri kuin tilaaja.<br \/><\/span><span>-&gt; Toimituksessa esimerkiksi kerrostaloasunnon ovikoodi kukkien toimitusta varten tai lupa j\u00e4tt\u00e4\u00e4 kukat ovelle.<br \/><\/span><span>-&gt; Jos ostat adressin tai surunauhan, lis\u00e4\u00e4 t\u00e4h\u00e4n teksti sille.<\/span><\/li>\n<li aria-level=\"1\"><span>Lue kaupan antamat tiedot toimituksesta.<\/span><\/li>\n<\/ul>[\/et_pb_text][\/et_pb_column][\/et_pb_row][\/et_pb_section][et_pb_section fb_built=&#8221;1&#8243; _builder_version=&#8221;4.22.1&#8243; _module_preset=&#8221;default&#8221; custom_margin=&#8221;||-24px|||&#8221; custom_padding=&#8221;||0px|||&#8221; global_colors_info=&#8221;{}&#8221;][et_pb_row _builder_version=&#8221;4.22.2&#8243; _module_preset=&#8221;default&#8221; global_colors_info=&#8221;{}&#8221;][et_pb_column type=&#8221;4_4&#8243; _builder_version=&#8221;4.22.2&#8243; _module_preset=&#8221;default&#8221; global_colors_info=&#8221;{}&#8221;][et_pb_image src=&#8221;https:\/\/ekukka.fi\/wp2\/wp-content\/uploads\/2023\/09\/TIlauspolku-07.jpg&#8221; _builder_version=&#8221;4.22.2&#8243; _module_preset=&#8221;default&#8221; width=&#8221;14%&#8221; max_width=&#8221;100%&#8221; custom_margin=&#8221;||-31px||false|false&#8221; global_colors_info=&#8221;{}&#8221;][\/et_pb_image][\/et_pb_column][\/et_pb_row][et_pb_row _builder_version=&#8221;4.22.1&#8243; _module_preset=&#8221;default&#8221; global_colors_info=&#8221;{}&#8221;][et_pb_column type=&#8221;4_4&#8243; _builder_version=&#8221;4.22.1&#8243; _module_preset=&#8221;default&#8221; global_colors_info=&#8221;{}&#8221;][et_pb_heading title=&#8221;6. Tarkista yhteenveto ja maksa&#8221; _builder_version=&#8221;4.22.2&#8243; _module_preset=&#8221;default&#8221; title_level=&#8221;h2&#8243; title_font=&#8221;EB Garamond|600|||||||&#8221; title_text_color=&#8221;#042a2b&#8221; title_font_size=&#8221;36px&#8221; custom_margin=&#8221;||-1px|||&#8221; global_colors_info=&#8221;{}&#8221;][\/et_pb_heading][et_pb_text _builder_version=&#8221;4.22.1&#8243; text_font=&#8221;|300|||||||&#8221; text_font_size=&#8221;18px&#8221; text_line_height=&#8221;1.8em&#8221; animation_style=&#8221;fade&#8221; animation_direction=&#8221;bottom&#8221; animation_starting_opacity=&#8221;100%&#8221; global_colors_info=&#8221;{}&#8221;]<ul>\n<li aria-level=\"1\"><span>Tarkista, ett\u00e4 tilauksen tiedot ovat oikein.<\/span><\/li>\n<li aria-level=\"1\"><span>Tutustu toimitusehtoihin ja hyv\u00e4ksy ne.<\/span><\/li>\n<li aria-level=\"1\"><span>Tilaa uutiskirje, jos haluat inspiroivia kukkavinkkej\u00e4 ja henkil\u00f6kohtaisia etuja s\u00e4hk\u00f6postiisi.<\/span><\/li>\n<li aria-level=\"1\"><span>Paina \u201cTILAA\u201d.<\/span><\/li>\n<li aria-level=\"1\"><span>Valitse maksutapa.<\/span><\/li>\n<li aria-level=\"1\"><span>Maksa tilaus.<\/span><\/li>\n<\/ul>[\/et_pb_text][\/et_pb_column][\/et_pb_row][\/et_pb_section][et_pb_section fb_built=&#8221;1&#8243; _builder_version=&#8221;4.22.1&#8243; _module_preset=&#8221;default&#8221; custom_margin=&#8221;||-24px|||&#8221; custom_padding=&#8221;||0px|||&#8221; global_colors_info=&#8221;{}&#8221;][et_pb_row _builder_version=&#8221;4.22.2&#8243; _module_preset=&#8221;default&#8221; global_colors_info=&#8221;{}&#8221;][et_pb_column type=&#8221;4_4&#8243; _builder_version=&#8221;4.22.2&#8243; _module_preset=&#8221;default&#8221; global_colors_info=&#8221;{}&#8221;][et_pb_image src=&#8221;https:\/\/ekukka.fi\/wp2\/wp-content\/uploads\/2023\/09\/TIlauspolku-08.jpg&#8221; _builder_version=&#8221;4.22.2&#8243; _module_preset=&#8221;default&#8221; width=&#8221;14%&#8221; max_width=&#8221;100%&#8221; custom_margin=&#8221;||-31px||false|false&#8221; global_colors_info=&#8221;{}&#8221;][\/et_pb_image][\/et_pb_column][\/et_pb_row][et_pb_row _builder_version=&#8221;4.22.1&#8243; _module_preset=&#8221;default&#8221; global_colors_info=&#8221;{}&#8221;][et_pb_column type=&#8221;4_4&#8243; _builder_version=&#8221;4.22.1&#8243; _module_preset=&#8221;default&#8221; global_colors_info=&#8221;{}&#8221;][et_pb_heading title=&#8221;7. Maksun j\u00e4lkeen&#8221; _builder_version=&#8221;4.22.2&#8243; _module_preset=&#8221;default&#8221; title_level=&#8221;h2&#8243; title_font=&#8221;EB Garamond|600|||||||&#8221; title_text_color=&#8221;#042a2b&#8221; title_font_size=&#8221;36px&#8221; custom_margin=&#8221;||-1px|||&#8221; global_colors_info=&#8221;{}&#8221;][\/et_pb_heading][et_pb_text _builder_version=&#8221;4.22.1&#8243; text_font=&#8221;|300|||||||&#8221; text_font_size=&#8221;18px&#8221; text_line_height=&#8221;1.8em&#8221; animation_style=&#8221;fade&#8221; animation_direction=&#8221;bottom&#8221; animation_starting_opacity=&#8221;100%&#8221; global_colors_info=&#8221;{}&#8221;]<ul>\n<li aria-level=\"1\">Kiitos tilauksesta!<\/li>\n<li aria-level=\"1\">Maksun j\u00e4lkeen voit ladata kuitin.<\/li>\n<li aria-level=\"1\">Sinulle l\u00e4hetet\u00e4\u00e4n s\u00e4hk\u00f6postiin tilausvahvistus.<\/li>\n<li aria-level=\"1\">Saat vahvistuksen my\u00f6s, kun kukkakauppa on n\u00e4hnyt tilauksesi.<\/li>\n<li aria-level=\"1\">Saat viestin toimitetusta tuotteesta, jos olet valinnut toimituksen.<\/li>\n<li aria-level=\"1\">Voit antaa palautetta halutessasi palvelusta, miss\u00e4 vaiheessa tahansa.<\/li>\n<\/ul>[\/et_pb_text][\/et_pb_column][\/et_pb_row][\/et_pb_section]\n","protected":false},"excerpt":{"rendered":"<p>Valitse toimitus tai nouto. Kirjoita osoite.\u00a0 Valitse p\u00e4iv\u00e4m\u00e4\u00e4r\u00e4. Hae kukkakauppoja. Voit my\u00f6s hakea suoraan kaikki paikkakunnan kukkakaupat valitsemalla paikkakunnan listasta. Voit tehd\u00e4 nopeasti uuden haun, jos hakutilanteessa on tullut virhe. Voit valita toimituksen tai noudon ja p\u00e4iv\u00e4m\u00e4\u00e4r\u00e4n tilaukselle. Voit tarkastella kauppojen sijainteja painamalla N\u00e4yt\u00e4 kartta -painiketta. Kaupat listataan aakkosittain tai et\u00e4isyyden mukaan riippuen tehdyst\u00e4 hausta.<a class=\"moretag\" href=\"https:\/\/ekukka.fi\/wp2\/tilausohjeet\/\"\u00bb Lue lis\u00e4\u00e4<\/a><\/p>\n","protected":false},"author":5,"featured_media":0,"parent":0,"menu_order":0,"comment_status":"closed","ping_status":"closed","template":"","meta":{"_acf_changed":false,"_et_pb_use_builder":"on","_et_pb_old_content":"","_et_gb_content_width":"","inline_featured_image":false,"footnotes":""},"sivujen_kategoriat":[],"class_list":["post-32674","page","type-page","status-publish","hentry"],"acf":[],"_links":{"self":[{"href":"https:\/\/ekukka.fi\/wp2\/wp-json\/wp\/v2\/pages\/32674","targetHints":{"allow":["GET"]}}],"collection":[{"href":"https:\/\/ekukka.fi\/wp2\/wp-json\/wp\/v2\/pages"}],"about":[{"href":"https:\/\/ekukka.fi\/wp2\/wp-json\/wp\/v2\/types\/page"}],"author":[{"embeddable":true,"href":"https:\/\/ekukka.fi\/wp2\/wp-json\/wp\/v2\/users\/5"}],"replies":[{"embeddable":true,"href":"https:\/\/ekukka.fi\/wp2\/wp-json\/wp\/v2\/comments?post=32674"}],"version-history":[{"count":14,"href":"https:\/\/ekukka.fi\/wp2\/wp-json\/wp\/v2\/pages\/32674\/revisions"}],"predecessor-version":[{"id":32693,"href":"https:\/\/ekukka.fi\/wp2\/wp-json\/wp\/v2\/pages\/32674\/revisions\/32693"}],"wp:attachment":[{"href":"https:\/\/ekukka.fi\/wp2\/wp-json\/wp\/v2\/media?parent=32674"}],"wp:term":[{"taxonomy":"sivujen_kategoriat","embeddable":true,"href":"https:\/\/ekukka.fi\/wp2\/wp-json\/wp\/v2\/sivujen_kategoriat?post=32674"}],"curies":[{"name":"wp","href":"https:\/\/api.w.org\/{rel}","templated":true}]}}