{"id":34376,"date":"2025-02-13T14:50:20","date_gmt":"2025-02-13T12:50:20","guid":{"rendered":"https:\/\/ekukka.fi\/wp2\/?page_id=34376"},"modified":"2025-03-03T08:06:22","modified_gmt":"2025-03-03T06:06:22","slug":"naistenpaivan-arvonta","status":"publish","type":"page","link":"https:\/\/ekukka.fi\/wp2\/naistenpaivan-arvonta\/","title":{"rendered":"Naistenp\u00e4iv\u00e4n arvonta"},"content":{"rendered":"<p>[et_pb_section fb_built=&#8221;1&#8243; fullwidth=&#8221;on&#8221; _builder_version=&#8221;4.27.4&#8243; _module_preset=&#8221;default&#8221; use_background_color_gradient=&#8221;on&#8221; background_color_gradient_stops=&#8221;rgba(0,0,0,0.1) 0%|rgba(0,0,0,0.61) 100%&#8221; background_color_gradient_overlays_image=&#8221;on&#8221; background_color_gradient_start=&#8221;rgba(0,0,0,0.1)&#8221; background_color_gradient_end=&#8221;rgba(0,0,0,0.61)&#8221; background_image=&#8221;https:\/\/ekukka.fi\/wp2\/wp-content\/uploads\/2025\/02\/naistenpa\u0308iva\u0308-arvonta-2025-ekukka.jpg&#8221; global_colors_info=&#8221;{}&#8221;][et_pb_fullwidth_header title=&#8221;Naistenp\u00e4iv\u00e4n arvonta \u2013 voita eKukka-lahjakortti&#8221; text_orientation=&#8221;center&#8221; _builder_version=&#8221;4.16&#8243; _module_preset=&#8221;default&#8221; title_font=&#8221;Dancing Script|700|||||||&#8221; title_font_size=&#8221;60px&#8221; title_line_height=&#8221;1.2em&#8221; subhead_font=&#8221;EB Garamond|500|||||||&#8221; subhead_font_size=&#8221;24px&#8221; background_enable_color=&#8221;off&#8221; custom_padding=&#8221;140px||140px||true|false&#8221; animation_style=&#8221;fade&#8221; animation_direction=&#8221;bottom&#8221; title_font_size_tablet=&#8221;&#8221; title_font_size_phone=&#8221;52px&#8221; title_font_size_last_edited=&#8221;on|phone&#8221; title_text_shadow_style=&#8221;preset3&#8243; title_text_shadow_color=&#8221;rgba(0,0,0,0.38)&#8221; subhead_text_shadow_style=&#8221;preset3&#8243; subhead_text_shadow_color=&#8221;rgba(0,0,0,0.38)&#8221; global_colors_info=&#8221;{}&#8221;][\/et_pb_fullwidth_header][\/et_pb_section][et_pb_section fb_built=&#8221;1&#8243; _builder_version=&#8221;4.6.6&#8243; _module_preset=&#8221;default&#8221; background_color=&#8221;#fafafa&#8221; custom_padding=&#8221;0px||0px|||&#8221; global_module=&#8221;4662&#8243; global_colors_info=&#8221;{}&#8221;][et_pb_row _builder_version=&#8221;4.16&#8243; _module_preset=&#8221;default&#8221; global_colors_info=&#8221;{}&#8221;][et_pb_column type=&#8221;4_4&#8243; _builder_version=&#8221;4.16&#8243; _module_preset=&#8221;default&#8221; global_colors_info=&#8221;{}&#8221;][lwp_divi_breadcrumbs home_text=&#8221;Etusivu&#8221; _builder_version=&#8221;4.16&#8243; _module_preset=&#8221;default&#8221; global_colors_info=&#8221;{}&#8221;][\/lwp_divi_breadcrumbs][\/et_pb_column][\/et_pb_row][\/et_pb_section][et_pb_section fb_built=&#8221;1&#8243; admin_label=&#8221;Explore Story Section&#8221; _builder_version=&#8221;4.16&#8243; custom_padding=&#8221;60px||49px|||&#8221; global_colors_info=&#8221;{}&#8221;][et_pb_row admin_label=&#8221;Text Area&#8221; _builder_version=&#8221;4.16&#8243; max_width=&#8221;700px&#8221; min_height=&#8221;336.8px&#8221; custom_padding=&#8221;20px||22px|||&#8221; use_custom_width=&#8221;on&#8221; custom_width_px=&#8221;700px&#8221; global_colors_info=&#8221;{}&#8221;][et_pb_column type=&#8221;4_4&#8243; _builder_version=&#8221;4.16&#8243; custom_padding=&#8221;|||&#8221; global_colors_info=&#8221;{}&#8221; custom_padding__hover=&#8221;|||&#8221;][et_pb_text content_tablet=&#8221;<\/p>\n<h2><span>Naistenp\u00e4iv\u00e4n\u00e4 ojennetut kukat voivat olla osoitus rakkaudesta, yst\u00e4vyydest\u00e4 tai solidaarisuudesta. eKukka-lahjakortti on lahja, joka antaa el\u00e4m\u00e4si naisille vapauden valita juuri oikeanlaiset kukat juuri oikeaan hetkeen.<\/span><\/h2>\n<p>&#8221; content_phone=&#8221;<\/p>\n<h3 style=%22text-align: center;%22>Naistenp\u00e4iv\u00e4n\u00e4 ojennetut kukat voivat olla osoitus rakkaudesta, yst\u00e4vyydest\u00e4 tai solidaarisuudesta. eKukka-lahjakortti on lahja, joka antaa el\u00e4m\u00e4si naisille vapauden valita juuri oikeanlaiset kukat juuri oikeaan hetkeen.<\/h3>\n<p>&#8221; content_last_edited=&#8221;on|phone&#8221; admin_label=&#8221;Title&#8221; _builder_version=&#8221;4.27.4&#8243; text_font=&#8221;||||||||&#8221; header_font=&#8221;EB Garamond||||||||&#8221; header_2_font=&#8221;EB Garamond|600|||||||&#8221; header_2_text_align=&#8221;center&#8221; header_2_text_color=&#8221;#042A2B&#8221; header_2_font_size=&#8221;36px&#8221; header_2_line_height=&#8221;1.4em&#8221; custom_margin=&#8221;||5px|&#8221; animation_style=&#8221;fade&#8221; animation_direction=&#8221;bottom&#8221; animation_starting_opacity=&#8221;100%&#8221; global_colors_info=&#8221;{}&#8221;]<\/p>\n<h2><span>Naistenp\u00e4iv\u00e4n\u00e4 ojennetut kukat voivat olla osoitus rakkaudesta, yst\u00e4vyydest\u00e4 tai solidaarisuudesta. eKukka-lahjakortti on lahja, joka antaa el\u00e4m\u00e4si naisille vapauden valita juuri oikeanlaiset kukat juuri oikeaan hetkeen.<\/span><\/h2>\n<p>[\/et_pb_text][et_pb_divider color=&#8221;#DDC9B4&#8243; divider_position=&#8221;center&#8221; divider_weight=&#8221;8px&#8221; _builder_version=&#8221;4.16&#8243; max_width=&#8221;50px&#8221; module_alignment=&#8221;center&#8221; animation_style=&#8221;fade&#8221; global_colors_info=&#8221;{}&#8221;][\/et_pb_divider][\/et_pb_column][\/et_pb_row][et_pb_row admin_label=&#8221;Text Area&#8221; _builder_version=&#8221;4.16&#8243; max_width=&#8221;700px&#8221; custom_padding=&#8221;0px||49px||false|&#8221; use_custom_width=&#8221;on&#8221; custom_width_px=&#8221;700px&#8221; global_colors_info=&#8221;{}&#8221;][et_pb_column type=&#8221;4_4&#8243; _builder_version=&#8221;4.16&#8243; custom_padding=&#8221;|||&#8221; global_colors_info=&#8221;{}&#8221; custom_padding__hover=&#8221;|||&#8221;][et_pb_text content_tablet=&#8221;<\/p>\n<p><span>Arvomme naistenp\u00e4iv\u00e4n kunniaksi kaksi 50 \u20ac arvoista eKukka-lahjakorttia. Osallistu arvontaan vastaamalla alla olevaan kysymykseen ja j\u00e4tt\u00e4m\u00e4ll\u00e4 yhteystietosi.<\/span><\/p>\n<p dir=%22ltr%22><span>Lahjakorttia voi k\u00e4ytt\u00e4\u00e4 kukkatilauksen maksamiseen kokonaan tai osittain kaikissa eKukka-verkkokaupoissa. Se ei k\u00e4y maksuv\u00e4lineen\u00e4 kivijalkaliikkeiss\u00e4. <\/span><\/p>\n<p dir=%22ltr%22><span>Osallistumisaikaa<\/span><span> <\/span><span>on 2.3.2025 asti.<\/span><span> Voittajiin otetaan yhteytt\u00e4 henkil\u00f6kohtaisesti.<\/span><\/p>\n<p>&#8221; content_phone=&#8221;<\/p>\n<p><span>Arvomme naistenp\u00e4iv\u00e4n kunniaksi kaksi 50 \u20ac arvoista eKukka-lahjakorttia. Osallistu arvontaan vastaamalla alla olevaan kysymykseen ja j\u00e4tt\u00e4m\u00e4ll\u00e4 yhteystietosi.<\/span><\/p>\n<p dir=%22ltr%22><span>Lahjakorttia voi k\u00e4ytt\u00e4\u00e4 kukkatilauksen maksamiseen kokonaan tai osittain kaikissa eKukka-verkkokaupoissa. Se ei k\u00e4y maksuv\u00e4lineen\u00e4 kivijalkaliikkeiss\u00e4. <\/span><\/p>\n<p dir=%22ltr%22><span>Osallistumisaikaa<\/span><span> <\/span><span>on 2.3.2025 asti.<\/span><span> Voittajiin otetaan yhteytt\u00e4 henkil\u00f6kohtaisesti.<\/span><\/p>\n<p>&#8221; content_last_edited=&#8221;on|phone&#8221; _builder_version=&#8221;4.27.4&#8243; text_font=&#8221;|300|||||||&#8221; text_font_size=&#8221;18px&#8221; text_line_height=&#8221;1.8em&#8221; text_orientation=&#8221;center&#8221; animation_style=&#8221;fade&#8221; animation_direction=&#8221;bottom&#8221; animation_starting_opacity=&#8221;100%&#8221; text_font_tablet=&#8221;|300|||||||&#8221; text_font_phone=&#8221;|300|||||||&#8221; text_font_last_edited=&#8221;on|desktop&#8221; global_colors_info=&#8221;{}&#8221;]<\/p>\n<p><span>Arvomme naistenp\u00e4iv\u00e4n kunniaksi kaksi 50 \u20ac arvoista eKukka-lahjakorttia. Osallistu arvontaan vastaamalla kysymykseen ja j\u00e4tt\u00e4m\u00e4ll\u00e4 yhteystietosi alla olevan linkin kautta.<\/span><\/p>\n<p dir=\"ltr\"><span>Lahjakorttia voi k\u00e4ytt\u00e4\u00e4 kukkatilauksen maksamiseen kokonaan tai osittain kaikissa eKukka-verkkokaupoissa. Se ei k\u00e4y maksuv\u00e4lineen\u00e4 kivijalkaliikkeiss\u00e4.\u00a0<\/span><\/p>\n<p dir=\"ltr\"><span>Osallistumisaikaa<\/span><span>\u00a0<\/span><span>on 2.3.2025 asti.<\/span><span> Voittajiin otetaan yhteytt\u00e4 henkil\u00f6kohtaisesti.<\/span><\/p>\n<p dir=\"ltr\">ARVONTA ON P\u00c4\u00c4TTYNYT.<span><\/span><\/p>\n<p dir=\"ltr\"><span><\/span><\/p>\n<p>[\/et_pb_text][\/et_pb_column][\/et_pb_row][\/et_pb_section][et_pb_section fb_built=&#8221;1&#8243; _builder_version=&#8221;4.16&#8243; _module_preset=&#8221;default&#8221; background_color=&#8221;#fafafa&#8221; global_colors_info=&#8221;{}&#8221;][et_pb_row column_structure=&#8221;2_5,3_5&#8243; _builder_version=&#8221;4.27.4&#8243; _module_preset=&#8221;default&#8221; global_colors_info=&#8221;{}&#8221;][et_pb_column type=&#8221;2_5&#8243; _builder_version=&#8221;4.16&#8243; _module_preset=&#8221;default&#8221; global_colors_info=&#8221;{}&#8221;][et_pb_image src=&#8221;https:\/\/ekukka.fi\/wp2\/wp-content\/uploads\/2023\/04\/kukat-yrityksille-1.jpg&#8221; alt=&#8221;Kukat yrityksille&#8221; _builder_version=&#8221;4.27.4&#8243; _module_preset=&#8221;default&#8221; global_colors_info=&#8221;{}&#8221;][\/et_pb_image][\/et_pb_column][et_pb_column type=&#8221;3_5&#8243; _builder_version=&#8221;4.16&#8243; _module_preset=&#8221;default&#8221; global_colors_info=&#8221;{}&#8221;][et_pb_text content_tablet=&#8221;<\/p>\n<h2>Kerro el\u00e4m\u00e4si naisille, ett\u00e4 v\u00e4lit\u00e4t \u2013 kukkien muodossa<\/h2>\n<p>&#8221; content_phone=&#8221;<\/p>\n<h3>Kerro el\u00e4m\u00e4si naisille, ett\u00e4 v\u00e4lit\u00e4t \u2013 kukkien muodossa<\/h3>\n<p>&#8221; content_last_edited=&#8221;on|phone&#8221; admin_label=&#8221;Title&#8221; _builder_version=&#8221;4.27.4&#8243; text_font=&#8221;||||||||&#8221; header_font=&#8221;EB Garamond||||||||&#8221; header_text_align=&#8221;left&#8221; header_2_font=&#8221;EB Garamond|600|||||||&#8221; header_2_text_align=&#8221;left&#8221; header_2_text_color=&#8221;#042A2B&#8221; header_2_font_size=&#8221;36px&#8221; header_2_line_height=&#8221;1.4em&#8221; custom_margin=&#8221;||5px|&#8221; animation_style=&#8221;fade&#8221; animation_direction=&#8221;bottom&#8221; animation_starting_opacity=&#8221;100%&#8221; global_colors_info=&#8221;{}&#8221;]<\/p>\n<h2><span class=\"OYPEnA font-feature-liga-off font-feature-clig-off font-feature-calt-off text-decoration-none text-strikethrough-none\">Kerro el\u00e4m\u00e4si naisille, ett\u00e4 v\u00e4lit\u00e4t \u2013 kukkien muodossa <\/span><span style=\"font-size: 36px;\">\u00a0<\/span><\/h2>\n<p>[\/et_pb_text][et_pb_divider color=&#8221;#DDC9B4&#8243; divider_position=&#8221;center&#8221; divider_weight=&#8221;8px&#8221; _builder_version=&#8221;4.16&#8243; max_width=&#8221;50px&#8221; module_alignment=&#8221;left&#8221; animation_style=&#8221;fade&#8221; global_colors_info=&#8221;{}&#8221;][\/et_pb_divider][et_pb_text _builder_version=&#8221;4.25.1&#8243; text_font=&#8221;|300|||||||&#8221; text_font_size=&#8221;18px&#8221; text_line_height=&#8221;1.8em&#8221; animation_style=&#8221;fade&#8221; animation_direction=&#8221;bottom&#8221; animation_starting_opacity=&#8221;100%&#8221; global_colors_info=&#8221;{}&#8221;]<\/p>\n<p>Jokainen kukka v\u00e4litt\u00e4\u00e4 uniikin tunteen. Olipa kyseess\u00e4 romanttinen ele, muistutus rakkaudesta, yst\u00e4v\u00e4llisyydest\u00e4 tai huolenpidosta, me autamme sinua luomaan unohtumattomia hetki\u00e4.<span><\/span><\/p>\n<p><span><\/span><\/p>\n<p><span>eKukka.fi on palvelu, josta voit ostaa helposti kukkia valitsemaltasi kukkakaupalta netiss\u00e4. Palveluumme kuuluu yli 500 kukkakauppaa ymp\u00e4ri Suomen. Valitse mieluisa kukkakauppa, josta voit tilata kukat helposti toimitettuna tai noutona suoraan liikkeest\u00e4.<\/span><\/p>\n<p><span><\/span><\/p>\n<p>[\/et_pb_text][et_pb_button button_url=&#8221;\/&#8221; button_text=&#8221;Tilaa kukkia&#8221; button_alignment=&#8221;center&#8221; _builder_version=&#8221;4.25.1&#8243; _module_preset=&#8221;default&#8221; custom_button=&#8221;on&#8221; button_text_color=&#8221;#ffffff&#8221; button_bg_color=&#8221;#54A800&#8243; button_border_color=&#8221;#54A800&#8243; global_colors_info=&#8221;{}&#8221; button_bg_color__hover_enabled=&#8221;on|hover&#8221; button_bg_color__hover=&#8221;#fc5e6c&#8221; button_bg_enable_color__hover=&#8221;on&#8221; button_border_color__hover_enabled=&#8221;on|hover&#8221; button_border_color__hover=&#8221;#fc5e6c&#8221;][\/et_pb_button][\/et_pb_column][\/et_pb_row][\/et_pb_section]<\/p>\n","protected":false},"excerpt":{"rendered":"<p><div class=\"et_pb_module lwp_divi_breadcrumbs lwp_divi_breadcrumbs_0\">\n\t\t\t\t\n\t\t\t\t\n\t\t\t\t\n\t\t\t\t\n\t\t\t\t\n\t\t\t\t\n\t\t\t\t<div class=\"et_pb_module_inner\">\n\t\t\t\t\t<div class=\"lwp-breadcrumbs\"> <span class=\"before\"><\/span> <span vocab=\"https:\/\/schema.org\/\" typeof=\"BreadcrumbList\"><span property=\"itemListElement\" typeof=\"ListItem\"><a property=\"item\" typeof=\"WebPage\" href=\"https:\/\/ekukka.fi\/wp2\/\" class=\"home\"><span property=\"name\">Etusivu<\/span><\/a><meta property=\"position\" content=\"1\"><\/span> <span class=\"separator et-pb-icon\">&#x39;<\/span> <\/span><\/div>\n\t\t\t\t<\/div>\n\t\t\t<\/div>Naistenp\u00e4iv\u00e4n\u00e4 ojennetut kukat voivat olla osoitus rakkaudesta, yst\u00e4vyydest\u00e4 tai solidaarisuudesta. eKukka-lahjakortti on lahja, joka antaa el\u00e4m\u00e4si naisille vapauden valita juuri oikeanlaiset kukat juuri oikeaan hetkeen.Arvomme naistenp\u00e4iv\u00e4n kunniaksi kaksi 50 \u20ac arvoista eKukka-lahjakorttia. Osallistu arvontaan vastaamalla kysymykseen ja j\u00e4tt\u00e4m\u00e4ll\u00e4 yhteystietosi alla olevan linkin kautta. Lahjakorttia voi k\u00e4ytt\u00e4\u00e4 kukkatilauksen maksamiseen kokonaan tai osittain<a class=\"moretag\" href=\"https:\/\/ekukka.fi\/wp2\/naistenpaivan-arvonta\/\"\u00bb Lue lis\u00e4\u00e4<\/a><\/p>\n","protected":false},"author":5,"featured_media":34406,"parent":0,"menu_order":0,"comment_status":"closed","ping_status":"closed","template":"","meta":{"_acf_changed":false,"_et_pb_use_builder":"on","_et_pb_old_content":"","_et_gb_content_width":"","inline_featured_image":false,"footnotes":""},"sivujen_kategoriat":[],"class_list":["post-34376","page","type-page","status-publish","has-post-thumbnail","hentry"],"acf":[],"_links":{"self":[{"href":"https:\/\/ekukka.fi\/wp2\/wp-json\/wp\/v2\/pages\/34376","targetHints":{"allow":["GET"]}}],"collection":[{"href":"https:\/\/ekukka.fi\/wp2\/wp-json\/wp\/v2\/pages"}],"about":[{"href":"https:\/\/ekukka.fi\/wp2\/wp-json\/wp\/v2\/types\/page"}],"author":[{"embeddable":true,"href":"https:\/\/ekukka.fi\/wp2\/wp-json\/wp\/v2\/users\/5"}],"replies":[{"embeddable":true,"href":"https:\/\/ekukka.fi\/wp2\/wp-json\/wp\/v2\/comments?post=34376"}],"version-history":[{"count":13,"href":"https:\/\/ekukka.fi\/wp2\/wp-json\/wp\/v2\/pages\/34376\/revisions"}],"predecessor-version":[{"id":34426,"href":"https:\/\/ekukka.fi\/wp2\/wp-json\/wp\/v2\/pages\/34376\/revisions\/34426"}],"wp:featuredmedia":[{"embeddable":true,"href":"https:\/\/ekukka.fi\/wp2\/wp-json\/wp\/v2\/media\/34406"}],"wp:attachment":[{"href":"https:\/\/ekukka.fi\/wp2\/wp-json\/wp\/v2\/media?parent=34376"}],"wp:term":[{"taxonomy":"sivujen_kategoriat","embeddable":true,"href":"https:\/\/ekukka.fi\/wp2\/wp-json\/wp\/v2\/sivujen_kategoriat?post=34376"}],"curies":[{"name":"wp","href":"https:\/\/api.w.org\/{rel}","templated":true}]}}