{"id":34953,"date":"2025-06-12T12:56:40","date_gmt":"2025-06-12T09:56:40","guid":{"rendered":"https:\/\/ekukka.fi\/wp2\/?page_id=34953"},"modified":"2025-10-15T13:29:06","modified_gmt":"2025-10-15T10:29:06","slug":"vuosipaivakukat","status":"publish","type":"page","link":"https:\/\/ekukka.fi\/wp2\/vinkit\/vuosipaivakukat\/","title":{"rendered":"Vuosip\u00e4iv\u00e4kukat"},"content":{"rendered":"<p>[et_pb_section fb_built=&#8221;1&#8243; fullwidth=&#8221;on&#8221; _builder_version=&#8221;4.27.4&#8243; _module_preset=&#8221;default&#8221; use_background_color_gradient=&#8221;on&#8221; background_color_gradient_stops=&#8221;rgba(0,0,0,0.1) 0%|rgba(0,0,0,0.61) 100%&#8221; background_color_gradient_overlays_image=&#8221;on&#8221; background_color_gradient_start=&#8221;rgba(0,0,0,0.1)&#8221; background_color_gradient_end=&#8221;rgba(0,0,0,0.61)&#8221; background_image=&#8221;https:\/\/ekukka.fi\/wp2\/wp-content\/uploads\/2025\/06\/ha\u0308a\u0308pa\u0308iva\u0308-vuosipa\u0308iva\u0308-kukat-ekukka.jpg&#8221; background_position=&#8221;center_left&#8221; global_colors_info=&#8221;{}&#8221;][et_pb_fullwidth_header title=&#8221;Vuosip\u00e4iv\u00e4kukat&#8221; text_orientation=&#8221;center&#8221; _builder_version=&#8221;4.16&#8243; _module_preset=&#8221;default&#8221; title_font=&#8221;Dancing Script|700|||||||&#8221; title_font_size=&#8221;60px&#8221; title_line_height=&#8221;1.2em&#8221; subhead_font=&#8221;EB Garamond|500|||||||&#8221; subhead_font_size=&#8221;24px&#8221; background_enable_color=&#8221;off&#8221; custom_padding=&#8221;140px||140px||true|false&#8221; animation_style=&#8221;fade&#8221; animation_direction=&#8221;bottom&#8221; title_font_size_tablet=&#8221;&#8221; title_font_size_phone=&#8221;52px&#8221; title_font_size_last_edited=&#8221;on|phone&#8221; title_text_shadow_style=&#8221;preset3&#8243; title_text_shadow_color=&#8221;rgba(0,0,0,0.38)&#8221; subhead_text_shadow_style=&#8221;preset3&#8243; subhead_text_shadow_color=&#8221;rgba(0,0,0,0.38)&#8221; global_colors_info=&#8221;{}&#8221;][\/et_pb_fullwidth_header][\/et_pb_section][et_pb_section fb_built=&#8221;1&#8243; _builder_version=&#8221;4.6.6&#8243; _module_preset=&#8221;default&#8221; background_color=&#8221;#fafafa&#8221; custom_padding=&#8221;0px||0px|||&#8221; global_module=&#8221;4662&#8243; global_colors_info=&#8221;{}&#8221;][et_pb_row _builder_version=&#8221;4.16&#8243; _module_preset=&#8221;default&#8221; global_colors_info=&#8221;{}&#8221;][et_pb_column type=&#8221;4_4&#8243; _builder_version=&#8221;4.16&#8243; _module_preset=&#8221;default&#8221; global_colors_info=&#8221;{}&#8221;][lwp_divi_breadcrumbs home_text=&#8221;Etusivu&#8221; _builder_version=&#8221;4.16&#8243; _module_preset=&#8221;default&#8221; global_colors_info=&#8221;{}&#8221;][\/lwp_divi_breadcrumbs][\/et_pb_column][\/et_pb_row][\/et_pb_section][et_pb_section fb_built=&#8221;1&#8243; admin_label=&#8221;Explore Story Section&#8221; _builder_version=&#8221;4.16&#8243; custom_padding=&#8221;60px||80px|||&#8221; global_colors_info=&#8221;{}&#8221;][et_pb_row admin_label=&#8221;Text Area&#8221; _builder_version=&#8221;4.16&#8243; max_width=&#8221;700px&#8221; custom_padding=&#8221;20px|||&#8221; use_custom_width=&#8221;on&#8221; custom_width_px=&#8221;700px&#8221; global_colors_info=&#8221;{}&#8221;][et_pb_column type=&#8221;4_4&#8243; _builder_version=&#8221;4.16&#8243; custom_padding=&#8221;|||&#8221; global_colors_info=&#8221;{}&#8221; custom_padding__hover=&#8221;|||&#8221;][et_pb_text admin_label=&#8221;Title&#8221; _builder_version=&#8221;4.16&#8243; text_font=&#8221;||||||||&#8221; header_font=&#8221;EB Garamond||||||||&#8221; header_2_font=&#8221;EB Garamond|600|||||||&#8221; header_2_text_align=&#8221;center&#8221; header_2_text_color=&#8221;#042A2B&#8221; header_2_font_size=&#8221;36px&#8221; header_2_line_height=&#8221;1.4em&#8221; custom_margin=&#8221;||5px|&#8221; animation_style=&#8221;fade&#8221; animation_direction=&#8221;bottom&#8221; animation_starting_opacity=&#8221;100%&#8221; global_colors_info=&#8221;{}&#8221;]<\/p>\n<h2>Mit\u00e4 lahjaksi h\u00e4\u00e4p\u00e4iv\u00e4n\u00e4? Kukkakimppu vastaa jokavuotiseen kysymykseen. Parisuhteen tai avioliiton merkkip\u00e4ivi\u00e4 on syyt\u00e4 juhlia n\u00e4ytt\u00e4v\u00e4sti \u2013 ja mik\u00e4 olisikaan n\u00e4ytt\u00e4v\u00e4mpi vuosip\u00e4iv\u00e4lahja kuin kukkal\u00e4hetys!\u00a0<\/h2>\n<p>[\/et_pb_text][et_pb_divider color=&#8221;#DDC9B4&#8243; divider_position=&#8221;center&#8221; divider_weight=&#8221;8px&#8221; _builder_version=&#8221;4.16&#8243; max_width=&#8221;50px&#8221; module_alignment=&#8221;center&#8221; animation_style=&#8221;fade&#8221; global_colors_info=&#8221;{}&#8221;][\/et_pb_divider][\/et_pb_column][\/et_pb_row][et_pb_row admin_label=&#8221;Text Area&#8221; _builder_version=&#8221;4.16&#8243; max_width=&#8221;700px&#8221; custom_padding=&#8221;20px|||&#8221; use_custom_width=&#8221;on&#8221; custom_width_px=&#8221;700px&#8221; global_colors_info=&#8221;{}&#8221;][et_pb_column type=&#8221;4_4&#8243; _builder_version=&#8221;4.16&#8243; custom_padding=&#8221;|||&#8221; global_colors_info=&#8221;{}&#8221; custom_padding__hover=&#8221;|||&#8221;][et_pb_text _builder_version=&#8221;4.16&#8243; text_font=&#8221;|300|||||||&#8221; text_font_size=&#8221;18px&#8221; text_line_height=&#8221;1.8em&#8221; text_orientation=&#8221;center&#8221; animation_style=&#8221;fade&#8221; animation_direction=&#8221;bottom&#8221; animation_starting_opacity=&#8221;100%&#8221; global_colors_info=&#8221;{}&#8221;]<\/p>\n<div class=\"wpb_text_column wpb_content_element \">\n<div class=\"wpb_wrapper\">\n<p><span>Romanttinen ele kertoo kumppanille vuosip\u00e4iv\u00e4n merkityksest\u00e4. P\u00e4iv\u00e4n tunteikkain yll\u00e4tys syntyy kukkal\u00e4hetyksell\u00e4, sill\u00e4 mik\u00e4\u00e4n lahja ei ved\u00e4 vertoja kukkien v\u00e4litt\u00e4mille tunteille ja kauneudelle.<\/span><\/p>\n<p><span><\/span><\/p>\n<p>Kukat kulkeutuvat niin kotiin kuin ty\u00f6paikallekin, asuipa kumppani sitten l\u00e4hell\u00e4 tai kaukana. J\u00e4rjest\u00e4 p\u00e4iv\u00e4n unohtumattomin yll\u00e4tys tilaamalla kukkal\u00e4hetys helposti verkosta!<\/p>\n<p>&nbsp;<\/p>\n<\/div>\n<\/div>\n<p>[\/et_pb_text][et_pb_button button_url=&#8221;\/&#8221; button_text=&#8221;Tilaa kukat netist\u00e4&#8221; button_alignment=&#8221;center&#8221; _builder_version=&#8221;4.20.0&#8243; _module_preset=&#8221;default&#8221; custom_button=&#8221;on&#8221; button_text_color=&#8221;#ffffff&#8221; button_bg_color=&#8221;#54A800&#8243; button_border_color=&#8221;#54A800&#8243; global_colors_info=&#8221;{}&#8221; button_bg_color__hover_enabled=&#8221;on|hover&#8221; button_bg_color__hover=&#8221;#fc5e6c&#8221; button_bg_enable_color__hover=&#8221;on&#8221; button_border_color__hover_enabled=&#8221;on|hover&#8221; button_border_color__hover=&#8221;#fc5e6c&#8221;][\/et_pb_button][\/et_pb_column][\/et_pb_row][et_pb_row column_structure=&#8221;1_3,1_3,1_3&#8243; _builder_version=&#8221;4.22.2&#8243; _module_preset=&#8221;default&#8221; locked=&#8221;off&#8221; global_colors_info=&#8221;{}&#8221;][et_pb_column type=&#8221;1_3&#8243; _builder_version=&#8221;4.22.2&#8243; _module_preset=&#8221;default&#8221; global_colors_info=&#8221;{}&#8221;][et_pb_testimonial author=&#8221;Topi&#8221; portrait_url=&#8221;https:\/\/ekukka.fi\/wp2\/wp-content\/uploads\/2023\/10\/Humaaans-Standing-6-1-1.png&#8221; portrait_height=&#8221;120px&#8221; _builder_version=&#8221;4.22.2&#8243; _module_preset=&#8221;default&#8221; global_colors_info=&#8221;{}&#8221;]<\/p>\n<p><span style=\"color: #000000;\"><em style=\"font-size: 16px;\">&#8220;<span>Kiitos nopeasta toimituksesta! Et\u00e4suhteessa on hankalaa v\u00e4lill\u00e4 keksi\u00e4 miten muistaa toista juhlap\u00e4ivin\u00e4 ja teette t\u00e4st\u00e4 helpompaa! Kiitos teille suunnattomasti.<\/span>&#8220;<\/em><\/span><\/p>\n<p>[\/et_pb_testimonial][\/et_pb_column][et_pb_column type=&#8221;1_3&#8243; _builder_version=&#8221;4.22.2&#8243; _module_preset=&#8221;default&#8221; global_colors_info=&#8221;{}&#8221;][et_pb_testimonial author=&#8221;Miia&#8221; portrait_url=&#8221;https:\/\/ekukka.fi\/wp2\/wp-content\/uploads\/2023\/10\/Humaaans-Sitting-20.png&#8221; portrait_height=&#8221;120px&#8221; disabled_on=&#8221;on|off|off&#8221; _builder_version=&#8221;4.22.2&#8243; _module_preset=&#8221;default&#8221; global_colors_info=&#8221;{}&#8221;]<\/p>\n<p><span style=\"color: #000000;\"><em style=\"font-size: 16px;\">&#8220;<span>Niin kaunis kimppu, ett\u00e4 vastaanottaja purskahti kyyneliin<\/span>.&#8221;<\/em><\/span><\/p>\n<p>[\/et_pb_testimonial][\/et_pb_column][et_pb_column type=&#8221;1_3&#8243; _builder_version=&#8221;4.22.2&#8243; _module_preset=&#8221;default&#8221; global_colors_info=&#8221;{}&#8221;][et_pb_testimonial author=&#8221;Tomi&#8221; portrait_url=&#8221;https:\/\/ekukka.fi\/wp2\/wp-content\/uploads\/2023\/10\/Humaaans-Sitting-22.png&#8221; portrait_height=&#8221;120px&#8221; disabled_on=&#8221;on|off|off&#8221; _builder_version=&#8221;4.22.2&#8243; _module_preset=&#8221;default&#8221; global_colors_info=&#8221;{}&#8221;]<\/p>\n<p><span style=\"color: #000000;\"><em style=\"font-size: 16px;\">&#8220;Kukkien saaja oli todella tyytyv\u00e4inen. Tuli itsellekin todella hyv\u00e4 mieli, kun vaimo tyk\u00e4styi todella paljon kimppuun.&#8221;<\/em><\/span><\/p>\n<p>[\/et_pb_testimonial][\/et_pb_column][\/et_pb_row][\/et_pb_section][et_pb_section fb_built=&#8221;1&#8243; _builder_version=&#8221;4.16&#8243; _module_preset=&#8221;default&#8221; background_color=&#8221;#fafafa&#8221; global_colors_info=&#8221;{}&#8221;][et_pb_row column_structure=&#8221;1_2,1_2&#8243; _builder_version=&#8221;4.16&#8243; _module_preset=&#8221;default&#8221; global_colors_info=&#8221;{}&#8221;][et_pb_column type=&#8221;1_2&#8243; _builder_version=&#8221;4.16&#8243; _module_preset=&#8221;default&#8221; global_colors_info=&#8221;{}&#8221;][et_pb_image src=&#8221;https:\/\/ekukka.fi\/wp2\/wp-content\/uploads\/2025\/06\/vuosipa\u0308iva\u0308kukat-ekukka-1.jpg&#8221; _builder_version=&#8221;4.27.4&#8243; _module_preset=&#8221;default&#8221; global_colors_info=&#8221;{}&#8221;][\/et_pb_image][\/et_pb_column][et_pb_column type=&#8221;1_2&#8243; _builder_version=&#8221;4.16&#8243; _module_preset=&#8221;default&#8221; global_colors_info=&#8221;{}&#8221;][et_pb_text admin_label=&#8221;Title&#8221; _builder_version=&#8221;4.16&#8243; text_font=&#8221;||||||||&#8221; header_font=&#8221;EB Garamond||||||||&#8221; header_text_align=&#8221;left&#8221; header_2_font=&#8221;EB Garamond|600|||||||&#8221; header_2_text_align=&#8221;left&#8221; header_2_text_color=&#8221;#042A2B&#8221; header_2_font_size=&#8221;36px&#8221; header_2_line_height=&#8221;1.4em&#8221; custom_margin=&#8221;||5px|&#8221; animation_style=&#8221;fade&#8221; animation_direction=&#8221;bottom&#8221; animation_starting_opacity=&#8221;100%&#8221; global_colors_info=&#8221;{}&#8221;]<\/p>\n<h2>Millainen kukkakimppu sopii kumppanille?<\/h2>\n<p>[\/et_pb_text][et_pb_divider color=&#8221;#DDC9B4&#8243; divider_position=&#8221;center&#8221; divider_weight=&#8221;8px&#8221; _builder_version=&#8221;4.16&#8243; max_width=&#8221;50px&#8221; module_alignment=&#8221;left&#8221; animation_style=&#8221;fade&#8221; global_colors_info=&#8221;{}&#8221;][\/et_pb_divider][et_pb_text _builder_version=&#8221;4.16&#8243; text_font=&#8221;|300|||||||&#8221; text_font_size=&#8221;18px&#8221; text_line_height=&#8221;1.8em&#8221; animation_style=&#8221;fade&#8221; animation_direction=&#8221;bottom&#8221; animation_starting_opacity=&#8221;100%&#8221; global_colors_info=&#8221;{}&#8221;]<\/p>\n<p>Valitse vuosip\u00e4iv\u00e4n kimppuun kumppanisi lempikukkia ja -s\u00e4vyj\u00e4 sek\u00e4 lis\u00e4\u00e4 mukaan my\u00f6s kortti, jossa kerrot tunteistasi.\u00a0<\/p>\n<p>Jos ep\u00e4r\u00f6it v\u00e4rien suhteen, punaiset ja vaaleanpunaiset kukat ovat universaaleja romanttisten tunteiden ja ihastumisen symboleja.<\/p>\n<p>[\/et_pb_text][et_pb_button button_url=&#8221;\/&#8221; button_text=&#8221;Tilaa kukkal\u00e4hetys&#8221; button_alignment=&#8221;center&#8221; _builder_version=&#8221;4.27.4&#8243; _module_preset=&#8221;default&#8221; custom_button=&#8221;on&#8221; button_text_color=&#8221;#ffffff&#8221; button_bg_color=&#8221;#54A800&#8243; button_border_color=&#8221;#54A800&#8243; global_colors_info=&#8221;{}&#8221; button_bg_color__hover_enabled=&#8221;on|hover&#8221; button_bg_color__hover=&#8221;#fc5e6c&#8221; button_bg_enable_color__hover=&#8221;on&#8221; button_border_color__hover_enabled=&#8221;on|hover&#8221; button_border_color__hover=&#8221;#fc5e6c&#8221;][\/et_pb_button][\/et_pb_column][\/et_pb_row][\/et_pb_section][et_pb_section fb_built=&#8221;1&#8243; _builder_version=&#8221;4.20.0&#8243; _module_preset=&#8221;default&#8221; background_color=&#8221;#FFFFFF&#8221; global_colors_info=&#8221;{}&#8221;][et_pb_row column_structure=&#8221;1_2,1_2&#8243; _builder_version=&#8221;4.16&#8243; _module_preset=&#8221;default&#8221; custom_padding=&#8221;4px|||||&#8221; global_colors_info=&#8221;{}&#8221;][et_pb_column type=&#8221;1_2&#8243; _builder_version=&#8221;4.16&#8243; _module_preset=&#8221;default&#8221; global_colors_info=&#8221;{}&#8221;][et_pb_text admin_label=&#8221;Title&#8221; _builder_version=&#8221;4.16&#8243; text_font=&#8221;||||||||&#8221; header_font=&#8221;EB Garamond||||||||&#8221; header_text_align=&#8221;left&#8221; header_2_font=&#8221;EB Garamond|600|||||||&#8221; header_2_text_align=&#8221;left&#8221; header_2_text_color=&#8221;#042A2B&#8221; header_2_font_size=&#8221;36px&#8221; header_2_line_height=&#8221;1.4em&#8221; custom_margin=&#8221;||5px|&#8221; animation_style=&#8221;fade&#8221; animation_direction=&#8221;bottom&#8221; animation_starting_opacity=&#8221;100%&#8221; global_colors_info=&#8221;{}&#8221;]<\/p>\n<h2>H\u00e4\u00e4p\u00e4ivien nimet<\/h2>\n<p>[\/et_pb_text][et_pb_divider color=&#8221;#DDC9B4&#8243; divider_position=&#8221;center&#8221; divider_weight=&#8221;8px&#8221; _builder_version=&#8221;4.16&#8243; max_width=&#8221;50px&#8221; module_alignment=&#8221;left&#8221; animation_style=&#8221;fade&#8221; global_colors_info=&#8221;{}&#8221;][\/et_pb_divider][et_pb_text _builder_version=&#8221;4.16&#8243; text_font=&#8221;|300|||||||&#8221; text_font_size=&#8221;18px&#8221; text_line_height=&#8221;1.8em&#8221; animation_style=&#8221;fade&#8221; animation_direction=&#8221;bottom&#8221; animation_starting_opacity=&#8221;100%&#8221; global_colors_info=&#8221;{}&#8221;]<\/p>\n<p>&nbsp;<\/p>\n<p>H\u00e4\u00e4p\u00e4iville on omat nimityksens\u00e4 avioliitossa vietettyjen vuosien mukaan. Nimityksiss\u00e4 voi olla alueellisia eroja.<\/p>\n<p>1. ja 2. vuosi: Pumpulih\u00e4\u00e4t\/paperih\u00e4\u00e4t<\/p>\n<p>3. vuosi: Nahkah\u00e4\u00e4t<\/p>\n<p>4. vuosi: Kukkah\u00e4\u00e4t<\/p>\n<p>5. vuosi: Puuh\u00e4\u00e4t<\/p>\n<p>6. vuosi: Rautah\u00e4\u00e4t<\/p>\n<p>7. vuosi: Kuparih\u00e4\u00e4t<\/p>\n<p>8. vuosi: Pronssih\u00e4\u00e4t\u00a0<\/p>\n<p>9. vuosi: Kromih\u00e4\u00e4t<\/p>\n<p><strong>10. vuosi: Tinah\u00e4\u00e4t<\/strong><\/p>\n<p>[\/et_pb_text][\/et_pb_column][et_pb_column type=&#8221;1_2&#8243; _builder_version=&#8221;4.16&#8243; _module_preset=&#8221;default&#8221; global_colors_info=&#8221;{}&#8221;][et_pb_text _builder_version=&#8221;4.16&#8243; text_font=&#8221;|300|||||||&#8221; text_font_size=&#8221;18px&#8221; text_line_height=&#8221;1.8em&#8221; custom_margin=&#8221;-15px|||||&#8221; animation_style=&#8221;fade&#8221; animation_direction=&#8221;bottom&#8221; animation_starting_opacity=&#8221;100%&#8221; locked=&#8221;off&#8221; global_colors_info=&#8221;{}&#8221;]<\/p>\n<p>11. vuosi: Ter\u00e4sh\u00e4\u00e4t<\/p>\n<p>12. vuosi: Silkkih\u00e4\u00e4t<\/p>\n<p>13. vuosi: Pitsih\u00e4\u00e4t<\/p>\n<p>14. vuosi: Norsunluuh\u00e4\u00e4t<\/p>\n<p>15. vuosi: Kristallih\u00e4\u00e4t\/lasih\u00e4\u00e4t<\/p>\n<p><strong>20. vuosi: Posliinih\u00e4\u00e4t<\/strong><\/p>\n<p>25. vuosi: Hopeah\u00e4\u00e4t<\/p>\n<p><strong>30. vuosi: Helmih\u00e4\u00e4t\/norsunluuh\u00e4\u00e4t<\/strong><\/p>\n<p><strong>40. vuosi: Rubiinih\u00e4\u00e4t<\/strong><\/p>\n<p><strong>50. vuosi: Kultah\u00e4\u00e4t<\/strong><\/p>\n<p><strong>60. vuosi: Timanttih\u00e4\u00e4t<\/strong><\/p>\n<p><strong>70. vuosi: Rautah\u00e4\u00e4t<\/strong><\/p>\n<p><strong>80. vuosi: Platinah\u00e4\u00e4t<\/strong><\/p>\n<p>&nbsp;<\/p>\n<p>[\/et_pb_text][\/et_pb_column][\/et_pb_row][\/et_pb_section]<\/p>\n","protected":false},"excerpt":{"rendered":"<p><div class=\"et_pb_module lwp_divi_breadcrumbs lwp_divi_breadcrumbs_0\">\n\t\t\t\t\n\t\t\t\t\n\t\t\t\t\n\t\t\t\t\n\t\t\t\t\n\t\t\t\t\n\t\t\t\t<div class=\"et_pb_module_inner\">\n\t\t\t\t\t<div class=\"lwp-breadcrumbs\"> <span class=\"before\"><\/span> <span vocab=\"https:\/\/schema.org\/\" typeof=\"BreadcrumbList\"><span property=\"itemListElement\" typeof=\"ListItem\"><a property=\"item\" typeof=\"WebPage\" href=\"https:\/\/ekukka.fi\/wp2\/\" class=\"home\"><span property=\"name\">Etusivu<\/span><\/a><meta property=\"position\" content=\"1\"><\/span> <span class=\"separator et-pb-icon\">&#x39;<\/span> <\/span><\/div>\n\t\t\t\t<\/div>\n\t\t\t<\/div>Mit\u00e4 lahjaksi h\u00e4\u00e4p\u00e4iv\u00e4n\u00e4? Kukkakimppu vastaa jokavuotiseen kysymykseen. Parisuhteen tai avioliiton merkkip\u00e4ivi\u00e4 on syyt\u00e4 juhlia n\u00e4ytt\u00e4v\u00e4sti \u2013 ja mik\u00e4 olisikaan n\u00e4ytt\u00e4v\u00e4mpi vuosip\u00e4iv\u00e4lahja kuin kukkal\u00e4hetys!\u00a0 Romanttinen ele kertoo kumppanille vuosip\u00e4iv\u00e4n merkityksest\u00e4. P\u00e4iv\u00e4n tunteikkain yll\u00e4tys syntyy kukkal\u00e4hetyksell\u00e4, sill\u00e4 mik\u00e4\u00e4n lahja ei ved\u00e4 vertoja kukkien v\u00e4litt\u00e4mille tunteille ja kauneudelle. Kukat kulkeutuvat niin kotiin kuin ty\u00f6paikallekin,<a class=\"moretag\" href=\"https:\/\/ekukka.fi\/wp2\/vinkit\/vuosipaivakukat\/\"\u00bb Lue lis\u00e4\u00e4<\/a><\/p>\n","protected":false},"author":5,"featured_media":34955,"parent":2,"menu_order":0,"comment_status":"closed","ping_status":"closed","template":"","meta":{"_acf_changed":false,"_et_pb_use_builder":"on","_et_pb_old_content":"","_et_gb_content_width":"","inline_featured_image":false,"footnotes":""},"sivujen_kategoriat":[],"class_list":["post-34953","page","type-page","status-publish","has-post-thumbnail","hentry"],"acf":[],"_links":{"self":[{"href":"https:\/\/ekukka.fi\/wp2\/wp-json\/wp\/v2\/pages\/34953","targetHints":{"allow":["GET"]}}],"collection":[{"href":"https:\/\/ekukka.fi\/wp2\/wp-json\/wp\/v2\/pages"}],"about":[{"href":"https:\/\/ekukka.fi\/wp2\/wp-json\/wp\/v2\/types\/page"}],"author":[{"embeddable":true,"href":"https:\/\/ekukka.fi\/wp2\/wp-json\/wp\/v2\/users\/5"}],"replies":[{"embeddable":true,"href":"https:\/\/ekukka.fi\/wp2\/wp-json\/wp\/v2\/comments?post=34953"}],"version-history":[{"count":25,"href":"https:\/\/ekukka.fi\/wp2\/wp-json\/wp\/v2\/pages\/34953\/revisions"}],"predecessor-version":[{"id":35711,"href":"https:\/\/ekukka.fi\/wp2\/wp-json\/wp\/v2\/pages\/34953\/revisions\/35711"}],"up":[{"embeddable":true,"href":"https:\/\/ekukka.fi\/wp2\/wp-json\/wp\/v2\/pages\/2"}],"wp:featuredmedia":[{"embeddable":true,"href":"https:\/\/ekukka.fi\/wp2\/wp-json\/wp\/v2\/media\/34955"}],"wp:attachment":[{"href":"https:\/\/ekukka.fi\/wp2\/wp-json\/wp\/v2\/media?parent=34953"}],"wp:term":[{"taxonomy":"sivujen_kategoriat","embeddable":true,"href":"https:\/\/ekukka.fi\/wp2\/wp-json\/wp\/v2\/sivujen_kategoriat?post=34953"}],"curies":[{"name":"wp","href":"https:\/\/api.w.org\/{rel}","templated":true}]}}