{"id":35049,"date":"2025-06-13T13:28:47","date_gmt":"2025-06-13T10:28:47","guid":{"rendered":"https:\/\/ekukka.fi\/wp2\/?page_id=35049"},"modified":"2025-06-13T13:30:40","modified_gmt":"2025-06-13T10:30:40","slug":"valmistujaiskukat","status":"publish","type":"page","link":"https:\/\/ekukka.fi\/wp2\/vinkit\/valmistujaiskukat\/","title":{"rendered":"Valmistujaiskukat"},"content":{"rendered":"<p>[et_pb_section fb_built=&#8221;1&#8243; fullwidth=&#8221;on&#8221; _builder_version=&#8221;4.27.4&#8243; _module_preset=&#8221;default&#8221; use_background_color_gradient=&#8221;on&#8221; background_color_gradient_stops=&#8221;rgba(0,0,0,0.1) 0%|rgba(0,0,0,0.61) 100%&#8221; background_color_gradient_overlays_image=&#8221;on&#8221; background_color_gradient_start=&#8221;rgba(0,0,0,0.1)&#8221; background_color_gradient_end=&#8221;rgba(0,0,0,0.61)&#8221; background_image=&#8221;https:\/\/ekukka.fi\/wp2\/wp-content\/uploads\/2025\/06\/valmistujaiskukat-ekukka-1.jpg&#8221; background_position=&#8221;center_left&#8221; global_colors_info=&#8221;{}&#8221;][et_pb_fullwidth_header title=&#8221;Valmistujaiskukat&#8221; text_orientation=&#8221;center&#8221; _builder_version=&#8221;4.16&#8243; _module_preset=&#8221;default&#8221; title_font=&#8221;Dancing Script|700|||||||&#8221; title_font_size=&#8221;60px&#8221; title_line_height=&#8221;1.2em&#8221; subhead_font=&#8221;EB Garamond|500|||||||&#8221; subhead_font_size=&#8221;24px&#8221; background_enable_color=&#8221;off&#8221; custom_padding=&#8221;140px||140px||true|false&#8221; animation_style=&#8221;fade&#8221; animation_direction=&#8221;bottom&#8221; title_font_size_tablet=&#8221;&#8221; title_font_size_phone=&#8221;52px&#8221; title_font_size_last_edited=&#8221;on|phone&#8221; title_text_shadow_style=&#8221;preset3&#8243; title_text_shadow_color=&#8221;rgba(0,0,0,0.38)&#8221; subhead_text_shadow_style=&#8221;preset3&#8243; subhead_text_shadow_color=&#8221;rgba(0,0,0,0.38)&#8221; global_colors_info=&#8221;{}&#8221;][\/et_pb_fullwidth_header][\/et_pb_section][et_pb_section fb_built=&#8221;1&#8243; _builder_version=&#8221;4.6.6&#8243; _module_preset=&#8221;default&#8221; background_color=&#8221;#fafafa&#8221; custom_padding=&#8221;0px||0px|||&#8221; global_module=&#8221;4662&#8243; global_colors_info=&#8221;{}&#8221;][et_pb_row _builder_version=&#8221;4.16&#8243; _module_preset=&#8221;default&#8221; global_colors_info=&#8221;{}&#8221;][et_pb_column type=&#8221;4_4&#8243; _builder_version=&#8221;4.16&#8243; _module_preset=&#8221;default&#8221; global_colors_info=&#8221;{}&#8221;][lwp_divi_breadcrumbs home_text=&#8221;Etusivu&#8221; _builder_version=&#8221;4.16&#8243; _module_preset=&#8221;default&#8221; global_colors_info=&#8221;{}&#8221;][\/lwp_divi_breadcrumbs][\/et_pb_column][\/et_pb_row][\/et_pb_section][et_pb_section fb_built=&#8221;1&#8243; admin_label=&#8221;Explore Story Section&#8221; _builder_version=&#8221;4.16&#8243; custom_padding=&#8221;60px||80px|||&#8221; global_colors_info=&#8221;{}&#8221;][et_pb_row admin_label=&#8221;Text Area&#8221; _builder_version=&#8221;4.16&#8243; max_width=&#8221;700px&#8221; custom_padding=&#8221;20px|||&#8221; use_custom_width=&#8221;on&#8221; custom_width_px=&#8221;700px&#8221; global_colors_info=&#8221;{}&#8221;][et_pb_column type=&#8221;4_4&#8243; _builder_version=&#8221;4.16&#8243; custom_padding=&#8221;|||&#8221; global_colors_info=&#8221;{}&#8221; custom_padding__hover=&#8221;|||&#8221;][et_pb_text admin_label=&#8221;Title&#8221; _builder_version=&#8221;4.16&#8243; text_font=&#8221;||||||||&#8221; header_font=&#8221;EB Garamond||||||||&#8221; header_2_font=&#8221;EB Garamond|600|||||||&#8221; header_2_text_align=&#8221;center&#8221; header_2_text_color=&#8221;#042A2B&#8221; header_2_font_size=&#8221;36px&#8221; header_2_line_height=&#8221;1.4em&#8221; custom_margin=&#8221;||5px|&#8221; animation_style=&#8221;fade&#8221; animation_direction=&#8221;bottom&#8221; animation_starting_opacity=&#8221;100%&#8221; global_colors_info=&#8221;{}&#8221;]<\/p>\n<h2>Koulun p\u00e4\u00e4tt\u00e4minen on ikimuistoinen hetki, jonka juhlistamiseen tarvitaan tietynlaiset kukat. Tutustu valmistujaiskukkien perinteisiin ja muista vastavalmistunutta n\u00e4ytt\u00e4v\u00e4sti!<\/h2>\n<p>[\/et_pb_text][et_pb_divider color=&#8221;#DDC9B4&#8243; divider_position=&#8221;center&#8221; divider_weight=&#8221;8px&#8221; _builder_version=&#8221;4.16&#8243; max_width=&#8221;50px&#8221; module_alignment=&#8221;center&#8221; animation_style=&#8221;fade&#8221; global_colors_info=&#8221;{}&#8221;][\/et_pb_divider][\/et_pb_column][\/et_pb_row][et_pb_row admin_label=&#8221;Text Area&#8221; _builder_version=&#8221;4.16&#8243; max_width=&#8221;700px&#8221; custom_padding=&#8221;20px|||&#8221; use_custom_width=&#8221;on&#8221; custom_width_px=&#8221;700px&#8221; global_colors_info=&#8221;{}&#8221;][et_pb_column type=&#8221;4_4&#8243; _builder_version=&#8221;4.16&#8243; custom_padding=&#8221;|||&#8221; global_colors_info=&#8221;{}&#8221; custom_padding__hover=&#8221;|||&#8221;][et_pb_text _builder_version=&#8221;4.16&#8243; text_font=&#8221;|300|||||||&#8221; text_font_size=&#8221;18px&#8221; text_line_height=&#8221;1.8em&#8221; text_orientation=&#8221;center&#8221; animation_style=&#8221;fade&#8221; animation_direction=&#8221;bottom&#8221; animation_starting_opacity=&#8221;100%&#8221; global_colors_info=&#8221;{}&#8221;]<\/p>\n<div class=\"wpb_text_column wpb_content_element \">\n<div class=\"wpb_wrapper\">\n<p><span>Ammattiin valmistuneet, ylioppilaat ja muut koulutaipaleensa p\u00e4\u00e4tt\u00e4neet ovat ansainneet kukkansa. Samalla kun kukat kertovat arvostuksesta ahkeraa kouluty\u00f6t\u00e4 kohtaan, ne my\u00f6s luovat juhlap\u00e4iv\u00e4\u00e4n oman korvaamattoman tunnelmansa.<\/span><\/p>\n<p><span style=\"font-size: 18px;\">Valmistujaiskukat on helppo tilata verkosta. Jos et p\u00e4\u00e4se itse juhlimaan valmistunutta paikan p\u00e4\u00e4lle, kotiovelle toimitettu kukkal\u00e4hetys kertoo onnittelut puolestasi.<\/span><span><\/span><\/p>\n<p>Kun valitset toimitustavaksi noudon, voit hakea kukat kiireett\u00f6m\u00e4sti sinulle sopivaan aikaan valitsemastasi kukkakaupasta.<\/p>\n<p>&nbsp;<\/p>\n<\/div>\n<\/div>\n<p>[\/et_pb_text][et_pb_button button_url=&#8221;\/&#8221; button_text=&#8221;Tilaa valmistujaiskukat&#8221; button_alignment=&#8221;center&#8221; _builder_version=&#8221;4.27.4&#8243; _module_preset=&#8221;default&#8221; custom_button=&#8221;on&#8221; button_text_color=&#8221;#ffffff&#8221; button_bg_color=&#8221;#54A800&#8243; button_border_color=&#8221;#54A800&#8243; global_colors_info=&#8221;{}&#8221; button_bg_color__hover_enabled=&#8221;on|hover&#8221; button_bg_color__hover=&#8221;#fc5e6c&#8221; button_bg_enable_color__hover=&#8221;on&#8221; button_border_color__hover_enabled=&#8221;on|hover&#8221; button_border_color__hover=&#8221;#fc5e6c&#8221;][\/et_pb_button][\/et_pb_column][\/et_pb_row][\/et_pb_section][et_pb_section fb_built=&#8221;1&#8243; _builder_version=&#8221;4.16&#8243; _module_preset=&#8221;default&#8221; background_color=&#8221;#fafafa&#8221; global_colors_info=&#8221;{}&#8221;][et_pb_row column_structure=&#8221;1_2,1_2&#8243; _builder_version=&#8221;4.16&#8243; _module_preset=&#8221;default&#8221; global_colors_info=&#8221;{}&#8221;][et_pb_column type=&#8221;1_2&#8243; _builder_version=&#8221;4.16&#8243; _module_preset=&#8221;default&#8221; global_colors_info=&#8221;{}&#8221;][et_pb_image src=&#8221;https:\/\/ekukka.fi\/wp2\/wp-content\/uploads\/2025\/06\/valmistujaiskimppu-ekukka.jpg&#8221; _builder_version=&#8221;4.27.4&#8243; _module_preset=&#8221;default&#8221; global_colors_info=&#8221;{}&#8221;][\/et_pb_image][\/et_pb_column][et_pb_column type=&#8221;1_2&#8243; _builder_version=&#8221;4.16&#8243; _module_preset=&#8221;default&#8221; global_colors_info=&#8221;{}&#8221;][et_pb_text admin_label=&#8221;Title&#8221; _builder_version=&#8221;4.16&#8243; text_font=&#8221;||||||||&#8221; header_font=&#8221;EB Garamond||||||||&#8221; header_text_align=&#8221;left&#8221; header_2_font=&#8221;EB Garamond|600|||||||&#8221; header_2_text_align=&#8221;left&#8221; header_2_text_color=&#8221;#042A2B&#8221; header_2_font_size=&#8221;36px&#8221; header_2_line_height=&#8221;1.4em&#8221; custom_margin=&#8221;||5px|&#8221; animation_style=&#8221;fade&#8221; animation_direction=&#8221;bottom&#8221; animation_starting_opacity=&#8221;100%&#8221; global_colors_info=&#8221;{}&#8221;]<\/p>\n<h2>Kukkakimppu on valmistujaisten n\u00e4ytt\u00e4vin lahja<\/h2>\n<p>[\/et_pb_text][et_pb_divider color=&#8221;#DDC9B4&#8243; divider_position=&#8221;center&#8221; divider_weight=&#8221;8px&#8221; _builder_version=&#8221;4.16&#8243; max_width=&#8221;50px&#8221; module_alignment=&#8221;left&#8221; animation_style=&#8221;fade&#8221; global_colors_info=&#8221;{}&#8221;][\/et_pb_divider][et_pb_text _builder_version=&#8221;4.27.4&#8243; text_font=&#8221;|300|||||||&#8221; text_font_size=&#8221;18px&#8221; text_line_height=&#8221;1.8em&#8221; animation_style=&#8221;fade&#8221; animation_direction=&#8221;bottom&#8221; animation_starting_opacity=&#8221;100%&#8221; global_colors_info=&#8221;{}&#8221;]<\/p>\n<p>Kukkakimppu kertoo valmistuneelle arvostuksestasi. Kun tilaat kukat eKukka-verkkokaupoista, ne kulkeutuvat vastaanottjaan kotiovelle my\u00f6s silloin, kun kilometrit ja kiire tulevat sinun ja juhlap\u00e4iv\u00e4n tielle.<\/p>\n<p>[\/et_pb_text][\/et_pb_column][\/et_pb_row][\/et_pb_section][et_pb_section fb_built=&#8221;1&#8243; _builder_version=&#8221;4.20.0&#8243; _module_preset=&#8221;default&#8221; background_color=&#8221;#FFFFFF&#8221; global_colors_info=&#8221;{}&#8221;][et_pb_row column_structure=&#8221;1_2,1_2&#8243; _builder_version=&#8221;4.16&#8243; _module_preset=&#8221;default&#8221; global_colors_info=&#8221;{}&#8221;][et_pb_column type=&#8221;1_2&#8243; _builder_version=&#8221;4.16&#8243; _module_preset=&#8221;default&#8221; global_colors_info=&#8221;{}&#8221;][et_pb_image src=&#8221;https:\/\/ekukka.fi\/wp2\/wp-content\/uploads\/2025\/06\/rippikukat-ekukka-2.jpg&#8221; _builder_version=&#8221;4.27.4&#8243; _module_preset=&#8221;default&#8221; global_colors_info=&#8221;{}&#8221;][\/et_pb_image][\/et_pb_column][et_pb_column type=&#8221;1_2&#8243; _builder_version=&#8221;4.16&#8243; _module_preset=&#8221;default&#8221; global_colors_info=&#8221;{}&#8221;][et_pb_text admin_label=&#8221;Title&#8221; _builder_version=&#8221;4.16&#8243; text_font=&#8221;||||||||&#8221; header_font=&#8221;EB Garamond||||||||&#8221; header_text_align=&#8221;left&#8221; header_2_font=&#8221;EB Garamond|600|||||||&#8221; header_2_text_align=&#8221;left&#8221; header_2_text_color=&#8221;#042A2B&#8221; header_2_font_size=&#8221;36px&#8221; header_2_line_height=&#8221;1.4em&#8221; custom_margin=&#8221;||5px|&#8221; animation_style=&#8221;fade&#8221; animation_direction=&#8221;bottom&#8221; animation_starting_opacity=&#8221;100%&#8221; global_colors_info=&#8221;{}&#8221;]<\/p>\n<h2>Onnittele vastavalmistunutta persoonallisella kukkavalinnalla<\/h2>\n<p>[\/et_pb_text][et_pb_divider color=&#8221;#DDC9B4&#8243; divider_position=&#8221;center&#8221; divider_weight=&#8221;8px&#8221; _builder_version=&#8221;4.16&#8243; max_width=&#8221;50px&#8221; module_alignment=&#8221;left&#8221; animation_style=&#8221;fade&#8221; global_colors_info=&#8221;{}&#8221;][\/et_pb_divider][et_pb_text _builder_version=&#8221;4.16&#8243; text_font=&#8221;|300|||||||&#8221; text_font_size=&#8221;18px&#8221; text_line_height=&#8221;1.8em&#8221; animation_style=&#8221;fade&#8221; animation_direction=&#8221;bottom&#8221; animation_starting_opacity=&#8221;100%&#8221; global_colors_info=&#8221;{}&#8221;]<\/p>\n<p>Ruusu on perinteinen lahjavalinta valmistuneelle, mutta kukkakaupoista l\u00f6ytyy my\u00f6s valmistujaisjuhliin sopivia leikkokukkia. <span>Ojennettavan kukan t\u00e4ytyy olla n\u00e4ytt\u00e4v\u00e4 ja suurikukkainen ollakseen tarpeeksi juhlava.<\/span><\/p>\n<p>[\/et_pb_text][et_pb_button button_url=&#8221;https:\/\/ekukka.fi\/wp2\/valmistujaiskukat\/&#8221; button_text=&#8221;Tutustu vaihtoehtoihin&#8221; button_alignment=&#8221;left&#8221; _builder_version=&#8221;4.27.4&#8243; _module_preset=&#8221;default&#8221; custom_button=&#8221;on&#8221; button_text_color=&#8221;#ffffff&#8221; button_bg_color=&#8221;#54A800&#8243; button_border_color=&#8221;#54A800&#8243; global_colors_info=&#8221;{}&#8221; button_bg_color__hover_enabled=&#8221;on|hover&#8221; button_bg_color__hover=&#8221;#fc5e6c&#8221; button_bg_enable_color__hover=&#8221;on&#8221; button_border_color__hover_enabled=&#8221;on|hover&#8221; button_border_color__hover=&#8221;#fc5e6c&#8221;][\/et_pb_button][\/et_pb_column][\/et_pb_row][\/et_pb_section][et_pb_section fb_built=&#8221;1&#8243; _builder_version=&#8221;4.16&#8243; _module_preset=&#8221;default&#8221; background_color=&#8221;#fafafa&#8221; global_colors_info=&#8221;{}&#8221;][et_pb_row column_structure=&#8221;1_2,1_2&#8243; _builder_version=&#8221;4.16&#8243; _module_preset=&#8221;default&#8221; global_colors_info=&#8221;{}&#8221;][et_pb_column type=&#8221;1_2&#8243; _builder_version=&#8221;4.16&#8243; _module_preset=&#8221;default&#8221; global_colors_info=&#8221;{}&#8221;][et_pb_image src=&#8221;https:\/\/ekukka.fi\/wp2\/wp-content\/uploads\/2025\/06\/juhlapo\u0308yda\u0308n-koristelu-kukilla.jpg&#8221; _builder_version=&#8221;4.27.4&#8243; _module_preset=&#8221;default&#8221; global_colors_info=&#8221;{}&#8221;][\/et_pb_image][\/et_pb_column][et_pb_column type=&#8221;1_2&#8243; _builder_version=&#8221;4.16&#8243; _module_preset=&#8221;default&#8221; global_colors_info=&#8221;{}&#8221;][et_pb_text admin_label=&#8221;Title&#8221; _builder_version=&#8221;4.16&#8243; text_font=&#8221;||||||||&#8221; header_font=&#8221;EB Garamond||||||||&#8221; header_text_align=&#8221;left&#8221; header_2_font=&#8221;EB Garamond|600|||||||&#8221; header_2_text_align=&#8221;left&#8221; header_2_text_color=&#8221;#042A2B&#8221; header_2_font_size=&#8221;36px&#8221; header_2_line_height=&#8221;1.4em&#8221; custom_margin=&#8221;||5px|&#8221; animation_style=&#8221;fade&#8221; animation_direction=&#8221;bottom&#8221; animation_starting_opacity=&#8221;100%&#8221; global_colors_info=&#8221;{}&#8221;]<\/p>\n<h2>Kukita my\u00f6s valmistujaisten juhlap\u00f6yt\u00e4 koreaksi!<\/h2>\n<p>[\/et_pb_text][et_pb_divider color=&#8221;#DDC9B4&#8243; divider_position=&#8221;center&#8221; divider_weight=&#8221;8px&#8221; _builder_version=&#8221;4.16&#8243; max_width=&#8221;50px&#8221; module_alignment=&#8221;left&#8221; animation_style=&#8221;fade&#8221; global_colors_info=&#8221;{}&#8221;][\/et_pb_divider][et_pb_text _builder_version=&#8221;4.27.4&#8243; text_font=&#8221;|300|||||||&#8221; text_font_size=&#8221;18px&#8221; text_line_height=&#8221;1.8em&#8221; animation_style=&#8221;fade&#8221; animation_direction=&#8221;bottom&#8221; animation_starting_opacity=&#8221;100%&#8221; global_colors_info=&#8221;{}&#8221;]<\/p>\n<p>N\u00e4ytt\u00e4v\u00e4 kukkakimppu viimeistelee herkuista notkuvan juhlap\u00f6yd\u00e4n. Valitse kukat vastavalmistuneen mieltymysten, kuten lempiv\u00e4rin tai lempikukan mukaan.\u00a0<\/p>\n<p>Voit tiedustella my\u00f6s yksitt\u00e4isi\u00e4 kukkia kakun koristeluun l\u00e4himm\u00e4st\u00e4 kukkakaupasta.<\/p>\n<p>[\/et_pb_text][\/et_pb_column][\/et_pb_row][\/et_pb_section]<\/p>\n","protected":false},"excerpt":{"rendered":"<p><div class=\"et_pb_module lwp_divi_breadcrumbs lwp_divi_breadcrumbs_0\">\n\t\t\t\t\n\t\t\t\t\n\t\t\t\t\n\t\t\t\t\n\t\t\t\t\n\t\t\t\t\n\t\t\t\t<div class=\"et_pb_module_inner\">\n\t\t\t\t\t<div class=\"lwp-breadcrumbs\"> <span class=\"before\"><\/span> <span vocab=\"https:\/\/schema.org\/\" typeof=\"BreadcrumbList\"><span property=\"itemListElement\" typeof=\"ListItem\"><a property=\"item\" typeof=\"WebPage\" href=\"https:\/\/ekukka.fi\/wp2\/\" class=\"home\"><span property=\"name\">Etusivu<\/span><\/a><meta property=\"position\" content=\"1\"><\/span> <span class=\"separator et-pb-icon\">&#x39;<\/span> <\/span><\/div>\n\t\t\t\t<\/div>\n\t\t\t<\/div>Koulun p\u00e4\u00e4tt\u00e4minen on ikimuistoinen hetki, jonka juhlistamiseen tarvitaan tietynlaiset kukat. Tutustu valmistujaiskukkien perinteisiin ja muista vastavalmistunutta n\u00e4ytt\u00e4v\u00e4sti! Ammattiin valmistuneet, ylioppilaat ja muut koulutaipaleensa p\u00e4\u00e4tt\u00e4neet ovat ansainneet kukkansa. Samalla kun kukat kertovat arvostuksesta ahkeraa kouluty\u00f6t\u00e4 kohtaan, ne my\u00f6s luovat juhlap\u00e4iv\u00e4\u00e4n oman korvaamattoman tunnelmansa. Valmistujaiskukat on helppo tilata verkosta. Jos et p\u00e4\u00e4se itse<a class=\"moretag\" href=\"https:\/\/ekukka.fi\/wp2\/vinkit\/valmistujaiskukat\/\"\u00bb Lue lis\u00e4\u00e4<\/a><\/p>\n","protected":false},"author":5,"featured_media":35052,"parent":2,"menu_order":0,"comment_status":"closed","ping_status":"closed","template":"","meta":{"_acf_changed":false,"_et_pb_use_builder":"on","_et_pb_old_content":"","_et_gb_content_width":"","inline_featured_image":false,"footnotes":""},"sivujen_kategoriat":[],"class_list":["post-35049","page","type-page","status-publish","has-post-thumbnail","hentry"],"acf":[],"_links":{"self":[{"href":"https:\/\/ekukka.fi\/wp2\/wp-json\/wp\/v2\/pages\/35049","targetHints":{"allow":["GET"]}}],"collection":[{"href":"https:\/\/ekukka.fi\/wp2\/wp-json\/wp\/v2\/pages"}],"about":[{"href":"https:\/\/ekukka.fi\/wp2\/wp-json\/wp\/v2\/types\/page"}],"author":[{"embeddable":true,"href":"https:\/\/ekukka.fi\/wp2\/wp-json\/wp\/v2\/users\/5"}],"replies":[{"embeddable":true,"href":"https:\/\/ekukka.fi\/wp2\/wp-json\/wp\/v2\/comments?post=35049"}],"version-history":[{"count":8,"href":"https:\/\/ekukka.fi\/wp2\/wp-json\/wp\/v2\/pages\/35049\/revisions"}],"predecessor-version":[{"id":35066,"href":"https:\/\/ekukka.fi\/wp2\/wp-json\/wp\/v2\/pages\/35049\/revisions\/35066"}],"up":[{"embeddable":true,"href":"https:\/\/ekukka.fi\/wp2\/wp-json\/wp\/v2\/pages\/2"}],"wp:featuredmedia":[{"embeddable":true,"href":"https:\/\/ekukka.fi\/wp2\/wp-json\/wp\/v2\/media\/35052"}],"wp:attachment":[{"href":"https:\/\/ekukka.fi\/wp2\/wp-json\/wp\/v2\/media?parent=35049"}],"wp:term":[{"taxonomy":"sivujen_kategoriat","embeddable":true,"href":"https:\/\/ekukka.fi\/wp2\/wp-json\/wp\/v2\/sivujen_kategoriat?post=35049"}],"curies":[{"name":"wp","href":"https:\/\/api.w.org\/{rel}","templated":true}]}}