{"id":35965,"date":"2026-02-06T10:54:00","date_gmt":"2026-02-06T08:54:00","guid":{"rendered":"https:\/\/ekukka.fi\/wp2\/?page_id=35965"},"modified":"2026-02-23T08:06:54","modified_gmt":"2026-02-23T06:06:54","slug":"ekukka-oka-jewerly","status":"publish","type":"page","link":"https:\/\/ekukka.fi\/wp2\/ekukka-oka-jewerly\/","title":{"rendered":"eKukka \ud83d\udc9a Oka Jewelry"},"content":{"rendered":"\n[et_pb_section fb_built=&#8221;1&#8243; fullwidth=&#8221;on&#8221; _builder_version=&#8221;4.27.5&#8243; _module_preset=&#8221;default&#8221; use_background_color_gradient=&#8221;on&#8221; background_color_gradient_stops=&#8221;rgba(0,0,0,0.1) 0%|rgba(0,0,0,0.61) 100%&#8221; background_color_gradient_overlays_image=&#8221;on&#8221; background_color_gradient_start=&#8221;rgba(0,0,0,0.1)&#8221; background_color_gradient_end=&#8221;rgba(0,0,0,0.61)&#8221; background_image=&#8221;https:\/\/ekukka.fi\/wp2\/wp-content\/uploads\/2026\/02\/oka-ekukka.jpg&#8221; global_colors_info=&#8221;{}&#8221;][et_pb_fullwidth_header title=&#8221;eKukka \ud83d\udc9a Oka Jewelry&#8221; text_orientation=&#8221;center&#8221; _builder_version=&#8221;4.16&#8243; _module_preset=&#8221;default&#8221; title_font=&#8221;Dancing Script|700|||||||&#8221; title_font_size=&#8221;60px&#8221; title_line_height=&#8221;1.2em&#8221; subhead_font=&#8221;EB Garamond|500|||||||&#8221; subhead_font_size=&#8221;24px&#8221; background_enable_color=&#8221;off&#8221; custom_padding=&#8221;140px||140px||true|false&#8221; animation_style=&#8221;fade&#8221; animation_direction=&#8221;bottom&#8221; title_font_size_tablet=&#8221;&#8221; title_font_size_phone=&#8221;52px&#8221; title_font_size_last_edited=&#8221;on|phone&#8221; title_text_shadow_style=&#8221;preset3&#8243; title_text_shadow_color=&#8221;rgba(0,0,0,0.38)&#8221; subhead_text_shadow_style=&#8221;preset3&#8243; subhead_text_shadow_color=&#8221;rgba(0,0,0,0.38)&#8221; global_colors_info=&#8221;{}&#8221;][\/et_pb_fullwidth_header][\/et_pb_section][et_pb_section fb_built=&#8221;1&#8243; _builder_version=&#8221;4.6.6&#8243; _module_preset=&#8221;default&#8221; background_color=&#8221;#fafafa&#8221; custom_padding=&#8221;0px||0px|||&#8221; global_module=&#8221;4662&#8243; global_colors_info=&#8221;{}&#8221;][et_pb_row _builder_version=&#8221;4.16&#8243; _module_preset=&#8221;default&#8221; global_colors_info=&#8221;{}&#8221;][et_pb_column type=&#8221;4_4&#8243; _builder_version=&#8221;4.16&#8243; _module_preset=&#8221;default&#8221; global_colors_info=&#8221;{}&#8221;][lwp_divi_breadcrumbs home_text=&#8221;Etusivu&#8221; _builder_version=&#8221;4.16&#8243; _module_preset=&#8221;default&#8221; global_colors_info=&#8221;{}&#8221;][\/lwp_divi_breadcrumbs][\/et_pb_column][\/et_pb_row][\/et_pb_section][et_pb_section fb_built=&#8221;1&#8243; admin_label=&#8221;Explore Story Section&#8221; _builder_version=&#8221;4.16&#8243; custom_padding=&#8221;60px||2px|||&#8221; global_colors_info=&#8221;{}&#8221;][et_pb_row admin_label=&#8221;Text Area&#8221; _builder_version=&#8221;4.16&#8243; max_width=&#8221;700px&#8221; custom_padding=&#8221;5px||0px||false|&#8221; use_custom_width=&#8221;on&#8221; custom_width_px=&#8221;700px&#8221; global_colors_info=&#8221;{}&#8221;][et_pb_column type=&#8221;4_4&#8243; _builder_version=&#8221;4.16&#8243; custom_padding=&#8221;|||&#8221; global_colors_info=&#8221;{}&#8221; custom_padding__hover=&#8221;|||&#8221;][et_pb_text content_tablet=&#8221;<h2><span>Kerro meille rakkain kev\u00e4\u00e4seen liittyv\u00e4 kukkamuistosi ja voit voittaa 50 \u20ac lahjakortin muodin verkkokauppaan. <\/span><\/h2>\n<h2> <\/h2>&#8221; content_phone=&#8221;<h3 style=%22text-align: center;%22><span>Kerro meille rakkain kev\u00e4\u00e4seen liittyv\u00e4 kukkamuistosi ja voit voittaa 50 \u20ac lahjakortin muodin verkkokauppaan. <\/span><\/h3>&#8221; content_last_edited=&#8221;off|desktop&#8221; admin_label=&#8221;Title&#8221; _builder_version=&#8221;4.27.5&#8243; text_font=&#8221;||||||||&#8221; header_font=&#8221;EB Garamond||||||||&#8221; header_2_font=&#8221;EB Garamond|600|||||||&#8221; header_2_text_align=&#8221;center&#8221; header_2_text_color=&#8221;#042A2B&#8221; header_2_font_size=&#8221;36px&#8221; header_2_line_height=&#8221;1.4em&#8221; custom_margin=&#8221;||5px|&#8221; animation_style=&#8221;fade&#8221; animation_direction=&#8221;bottom&#8221; animation_starting_opacity=&#8221;100%&#8221; global_colors_info=&#8221;{}&#8221;]<h2><span style=\"font-size: 36px;\">Aidoista kukista tehty koru s\u00e4il\u00f6\u00f6 muiston ikuisesti. Osallistu arvontaan ja voita Oka Jewelry -korusetti ja eKukka-lahjakortti!\u00a0<\/span><\/h2>[\/et_pb_text][et_pb_divider color=&#8221;#DDC9B4&#8243; divider_position=&#8221;center&#8221; divider_weight=&#8221;8px&#8221; _builder_version=&#8221;4.16&#8243; max_width=&#8221;50px&#8221; module_alignment=&#8221;center&#8221; animation_style=&#8221;fade&#8221; global_colors_info=&#8221;{}&#8221;][\/et_pb_divider][et_pb_text content_tablet=&#8221;<p>Kev\u00e4\u00e4n sesonkikukkien iloisuus her\u00e4ttelee aistit valmiiksi tulevan kes\u00e4n kukkaloistoon. Samalla saattaa tuntua, ett\u00e4 my\u00f6s vaatekaappi kaipaa pient\u00e4 lis\u00e4piristyst\u00e4.<\/p>\n<p>Arvomme yhden 50 \u20ac arvoisen Muoti Privaatin lahjakortin. Osallistu alla olevan linkin kautta kertomalla meille rakkain kev\u00e4\u00e4seen liittyv\u00e4 kukkamuistosi.<\/p>\n<p><span>Muoti Privaatti on oululainen naisten merkkimuotiin erikoistunut vaateliike, joka palvelee verkkokaupan v\u00e4lityksell\u00e4 ymp\u00e4ri Suomen. Kattavasta valikoimasta l\u00f6yd\u00e4t laadukkaat naisten juhla-, ty\u00f6- ja vapaa-ajan vaatteet, keng\u00e4t ja asusteet yli kolmenkymmenen vuoden kokemuksella. Br\u00e4ndivalikoima kattaa kotimaiset ja kansainv\u00e4liset huippumerkit, kuten Andiata, Gant, Katri Niskanen, Gauhar Helsinki ja Sams\u00f8e Sams\u00f8e.<\/span><\/p>\n<p><strong>Arvonta p\u00e4\u00e4ttyy 21.4.2025 klo 24.00.<\/strong> Olemme voittajaan yhteydess\u00e4 henkil\u00f6kohtaisesti s\u00e4hk\u00f6postilla.<span><\/span><\/p>\n<p><span><\/span><\/p>\n<p><span><\/span><\/p>\n<div><\/div>\n<div><\/div>\n<div><\/div>\n<div><\/div>\n<div><\/div>\n<div><\/div>\n<div><\/div>\n<p dir=%22ltr%22>&#8221; content_phone=&#8221;<p>Kev\u00e4\u00e4n sesonkikukkien iloisuus her\u00e4ttelee aistit valmiiksi tulevan kes\u00e4n kukkaloistoon. Samalla saattaa tuntua, ett\u00e4 my\u00f6s vaatekaappi kaipaa pient\u00e4 lis\u00e4piristyst\u00e4.<\/p>\n<p>Arvomme yhden 50 \u20ac arvoisen Muoti Privaatin lahjakortin. Osallistu alla olevan linkin kautta kertomalla meille rakkain kev\u00e4\u00e4seen liittyv\u00e4 kukkamuistosi.<\/p>\n<p>Muoti Privaatti on oululainen naisten merkkimuotiin erikoistunut vaateliike, joka palvelee verkkokaupan v\u00e4lityksell\u00e4 ymp\u00e4ri Suomen. Kattavasta valikoimasta l\u00f6yd\u00e4t laadukkaat naisten juhla-, ty\u00f6- ja vapaa-ajan vaatteet, keng\u00e4t ja asusteet yli kolmenkymmenen vuoden kokemuksella. Br\u00e4ndivalikoima kattaa kotimaiset ja kansainv\u00e4liset huippumerkit, kuten Andiata, Gant, Katri Niskanen, Gauhar Helsinki ja Sams\u00f8e Sams\u00f8e.<\/p>\n<p>Arvonta p\u00e4\u00e4ttyy 21.4.2025 klo 24.00. Olemme voittajaan yhteydess\u00e4 henkil\u00f6kohtaisesti s\u00e4hk\u00f6postilla.<\/p>&#8221; content_last_edited=&#8221;off|desktop&#8221; _builder_version=&#8221;4.27.5&#8243; text_font=&#8221;|300|||||||&#8221; text_font_size=&#8221;18px&#8221; text_line_height=&#8221;1.8em&#8221; text_orientation=&#8221;center&#8221; min_height=&#8221;176.7px&#8221; animation_style=&#8221;fade&#8221; animation_direction=&#8221;bottom&#8221; animation_starting_opacity=&#8221;100%&#8221; text_font_tablet=&#8221;|300|||||||&#8221; text_font_phone=&#8221;|300|||||||&#8221; text_font_last_edited=&#8221;on|desktop&#8221; global_colors_info=&#8221;{}&#8221;]<p>Arvomme naistenp\u00e4iv\u00e4n kunniaksi <strong>50 \u20ac eKukka-lahjakortin ja Oka Jewelry -korusetin* valitsemistasi kukista.<\/strong><\/p>\n<p><span><a href=\"https:\/\/okajewelry.net\" target=\"_blank\" rel=\"noopener\">Oka Jewelry<\/a> on suomalainen korubr\u00e4ndi, joka valmistaa ajattomia koruja aidoista kukista. Jokainen koru syntyy Oulussa k\u00e4sity\u00f6n\u00e4 ja on yksil\u00f6llinen: osa kukista on poimitaan luonnosta, osa tulee asiakkaalle merkityksellisist\u00e4 hetkist\u00e4, kuten h\u00e4ist\u00e4 tai muistotilaisuuksista. Oka Jewelry yhdist\u00e4\u00e4 luonnon herkkyyden, tarinallisuuden ja kest\u00e4v\u00e4n k\u00e4sity\u00f6n.<\/span><\/p>\n<p>Arvonta p\u00e4\u00e4ttyy<strong> 8.3.2026 klo 24.00. <\/strong>Olemme voittajaan yhteydess\u00e4 henkil\u00f6kohtaisesti s\u00e4hk\u00f6postilla.<strong><\/strong><\/p>\n<div><\/div>\n<div><\/div>\n<div><\/div>\n<div><\/div>\n<div><\/div>\n<div><\/div>\n<div><\/div>\n<p dir=\"ltr\"><span><\/span><\/p>[\/et_pb_text][et_pb_button button_url=&#8221;https:\/\/forms.gle\/gtk4tx84ZUbNp7Z77&#8243; button_text=&#8221;Osallistu t\u00e4st\u00e4&#8221; button_alignment=&#8221;center&#8221; _builder_version=&#8221;4.27.5&#8243; _module_preset=&#8221;default&#8221; custom_button=&#8221;on&#8221; button_text_color=&#8221;#ffffff&#8221; button_bg_color=&#8221;#54A800&#8243; button_border_color=&#8221;#54A800&#8243; global_colors_info=&#8221;{}&#8221; button_bg_color__hover_enabled=&#8221;on|hover&#8221; button_bg_color__hover=&#8221;#fc5e6c&#8221; button_bg_enable_color__hover=&#8221;on&#8221; button_border_color__hover_enabled=&#8221;on|hover&#8221; button_border_color__hover=&#8221;#fc5e6c&#8221;][\/et_pb_button][\/et_pb_column][\/et_pb_row][et_pb_row column_structure=&#8221;1_2,1_2&#8243; _builder_version=&#8221;4.27.5&#8243; _module_preset=&#8221;default&#8221; min_height=&#8221;546.6px&#8221; custom_padding=&#8221;65px|||||&#8221; global_colors_info=&#8221;{}&#8221;][et_pb_column type=&#8221;1_2&#8243; _builder_version=&#8221;4.27.5&#8243; _module_preset=&#8221;default&#8221; global_colors_info=&#8221;{}&#8221;][et_pb_image src=&#8221;https:\/\/ekukka.fi\/wp2\/wp-content\/uploads\/2026\/02\/okajew.jpg&#8221; align=&#8221;right&#8221; _builder_version=&#8221;4.27.5&#8243; _module_preset=&#8221;default&#8221; module_alignment=&#8221;center&#8221; max_height=&#8221;452px&#8221; global_colors_info=&#8221;{}&#8221;][\/et_pb_image][\/et_pb_column][et_pb_column type=&#8221;1_2&#8243; _builder_version=&#8221;4.27.5&#8243; _module_preset=&#8221;default&#8221; global_colors_info=&#8221;{}&#8221;][et_pb_text content_tablet=&#8221;<p> <\/p>\n<p>Alekoodilla <strong>KUKKA15<\/strong> saat -15% alennuksen Muoti Privaatin normaalihintaisista tuotteista 13.4. saakka.<\/p>\n<p> <\/p>\n<div><span>Seuraa Muoti Privaattia somessa @<a href=%22https:\/\/www.instagram.com\/muotiprivaatti%22>muotiprivaatti<\/a><\/span><br \/><span>Pakkahuoneenkatu 15, Oulu<\/span><br \/><span> <\/span><a href=%22http:\/\/www.muotiprivaatti.fi\/%22 data-et-target-link=%22_blank%22 data-saferedirecturl=%22https:\/\/www.google.com\/url?q=http:\/\/www.muotiprivaatti.fi&#038;source=gmail&#038;ust=1743838055052000&#038;usg=AOvVaw13N_diiMeOHGa9JmvMhD5N%22 rel=%22noopener%22>www.muotiprivaatti.fi<\/a><\/div>&#8221; content_phone=&#8221;<p> <\/p>\n<p>Alekoodilla <strong>KUKKA15<\/strong> saat -15% alennuksen Muoti Privaatin normaalihintaisista tuotteista 13.4. saakka.<\/p>\n<p> <\/p>\n<div><span>Seuraa Muoti Privaattia somessa @<a href=%22https:\/\/www.instagram.com\/muotiprivaatti%22>muotiprivaatti<\/a><\/span><br \/><span>Pakkahuoneenkatu 15, Oulu<\/span><br \/><span> <\/span><a href=%22http:\/\/www.muotiprivaatti.fi\/%22 data-et-target-link=%22_blank%22 data-saferedirecturl=%22https:\/\/www.google.com\/url?q=http:\/\/www.muotiprivaatti.fi&#038;source=gmail&#038;ust=1743838055052000&#038;usg=AOvVaw13N_diiMeOHGa9JmvMhD5N%22 rel=%22noopener%22>www.muotiprivaatti.fi<\/a><\/div>&#8221; content_last_edited=&#8221;off|desktop&#8221; _builder_version=&#8221;4.27.5&#8243; text_font=&#8221;|300|||||||&#8221; text_font_size=&#8221;18px&#8221; text_line_height=&#8221;1.8em&#8221; text_orientation=&#8221;center&#8221; animation_style=&#8221;fade&#8221; animation_direction=&#8221;bottom&#8221; animation_starting_opacity=&#8221;100%&#8221; text_font_tablet=&#8221;|300|||||||&#8221; text_font_phone=&#8221;|300|||||||&#8221; text_font_last_edited=&#8221;on|desktop&#8221; global_colors_info=&#8221;{}&#8221;]<p>\u00a0<span style=\"font-size: medium;\">* Korusetti sis\u00e4lt\u00e4\u00e4 nappikorvakorut, riipuksen ja isommat korvakorut joko koukuilla tai tapeilla. Arvonnan voittaja saa itse valita koruihin k\u00e4ytett\u00e4v\u00e4t kukat ja koruosien v\u00e4rin (ter\u00e4s\/kulta). Kaikki koruosat ovat testatusti nikkelit\u00f6nt\u00e4 ja allergisoimatonta kirurginter\u00e4st\u00e4. Koruihin k\u00e4ytett\u00e4v\u00e4t kukat on kuivattava, t\u00e4t\u00e4 varten l\u00e4hetet\u00e4\u00e4n helpot ohjeet. Korusetin arvo on noin 110 \u20ac.<\/span><\/p>\n<p><span><\/span><\/p>\n<div>\n<p><span><\/span><\/p>\n<\/div>[\/et_pb_text][et_pb_image src=&#8221;https:\/\/ekukka.fi\/wp2\/wp-content\/uploads\/2026\/02\/oka-jewelry-musta-logo-ilman-taustaa.png&#8221; align=&#8221;center&#8221; _builder_version=&#8221;4.27.5&#8243; _module_preset=&#8221;default&#8221; width=&#8221;100%&#8221; max_width=&#8221;100%&#8221; min_height=&#8221;100px&#8221; height=&#8221;100px&#8221; max_height=&#8221;1000px&#8221; custom_margin=&#8221;-28px|||||&#8221; custom_padding=&#8221;41px|||||&#8221; global_colors_info=&#8221;{}&#8221;][\/et_pb_image][\/et_pb_column][\/et_pb_row][\/et_pb_section][et_pb_section fb_built=&#8221;1&#8243; _builder_version=&#8221;4.16&#8243; _module_preset=&#8221;default&#8221; background_color=&#8221;#fafafa&#8221; min_height=&#8221;577.8px&#8221; global_colors_info=&#8221;{}&#8221;][et_pb_row column_structure=&#8221;1_2,1_2&#8243; _builder_version=&#8221;4.27.5&#8243; _module_preset=&#8221;default&#8221; global_colors_info=&#8221;{}&#8221;][et_pb_column type=&#8221;1_2&#8243; _builder_version=&#8221;4.16&#8243; _module_preset=&#8221;default&#8221; global_colors_info=&#8221;{}&#8221;][et_pb_image src=&#8221;https:\/\/ekukka.fi\/wp2\/wp-content\/uploads\/2026\/02\/oka-ekukka-1.jpg&#8221; _builder_version=&#8221;4.27.5&#8243; _module_preset=&#8221;default&#8221; global_colors_info=&#8221;{}&#8221;][\/et_pb_image][\/et_pb_column][et_pb_column type=&#8221;1_2&#8243; _builder_version=&#8221;4.16&#8243; _module_preset=&#8221;default&#8221; global_colors_info=&#8221;{}&#8221;][et_pb_text content_tablet=&#8221;<h2><span class=%22OYPEnA font-feature-liga-off font-feature-clig-off font-feature-calt-off text-decoration-none text-strikethrough-none%22>Kerro tunteesi kukkal\u00e4hetyksell\u00e4<\/span><\/h2>&#8221; content_phone=&#8221;<h3>Kerro tunteesi kukkal\u00e4hetyksell\u00e4<\/h3>&#8221; content_last_edited=&#8221;on|phone&#8221; admin_label=&#8221;Title&#8221; _builder_version=&#8221;4.27.4&#8243; text_font=&#8221;||||||||&#8221; header_font=&#8221;EB Garamond||||||||&#8221; header_text_align=&#8221;left&#8221; header_2_font=&#8221;EB Garamond|600|||||||&#8221; header_2_text_align=&#8221;left&#8221; header_2_text_color=&#8221;#042A2B&#8221; header_2_font_size=&#8221;36px&#8221; header_2_line_height=&#8221;1.4em&#8221; custom_margin=&#8221;||5px|&#8221; animation_style=&#8221;fade&#8221; animation_direction=&#8221;bottom&#8221; animation_starting_opacity=&#8221;100%&#8221; global_colors_info=&#8221;{}&#8221;]<h2><span class=\"OYPEnA font-feature-liga-off font-feature-clig-off font-feature-calt-off text-decoration-none text-strikethrough-none\">Kerro tunteesi kukkal\u00e4hetyksell\u00e4<\/span><\/h2>[\/et_pb_text][et_pb_divider color=&#8221;#DDC9B4&#8243; divider_position=&#8221;center&#8221; divider_weight=&#8221;8px&#8221; _builder_version=&#8221;4.16&#8243; max_width=&#8221;50px&#8221; module_alignment=&#8221;left&#8221; animation_style=&#8221;fade&#8221; global_colors_info=&#8221;{}&#8221;][\/et_pb_divider][et_pb_text _builder_version=&#8221;4.25.1&#8243; text_font=&#8221;|300|||||||&#8221; text_font_size=&#8221;18px&#8221; text_line_height=&#8221;1.8em&#8221; animation_style=&#8221;fade&#8221; animation_direction=&#8221;bottom&#8221; animation_starting_opacity=&#8221;100%&#8221; global_colors_info=&#8221;{}&#8221;]<p>Jokainen kukka v\u00e4litt\u00e4\u00e4 uniikin tunteen. Olipa kyseess\u00e4 romanttinen ele, muistutus rakkaudesta, yst\u00e4v\u00e4llisyydest\u00e4 tai huolenpidosta, me autamme sinua luomaan unohtumattomia hetki\u00e4.<span><\/span><span><\/span><\/p>\n<p><span><\/span><\/p>[\/et_pb_text][et_pb_button button_url=&#8221;\/&#8221; button_text=&#8221;Tilaa kukkia&#8221; button_alignment=&#8221;center&#8221; _builder_version=&#8221;4.25.1&#8243; _module_preset=&#8221;default&#8221; custom_button=&#8221;on&#8221; button_text_color=&#8221;#ffffff&#8221; button_bg_color=&#8221;#54A800&#8243; button_border_color=&#8221;#54A800&#8243; global_colors_info=&#8221;{}&#8221; button_bg_color__hover_enabled=&#8221;on|hover&#8221; button_bg_color__hover=&#8221;#fc5e6c&#8221; button_bg_enable_color__hover=&#8221;on&#8221; button_border_color__hover_enabled=&#8221;on|hover&#8221; button_border_color__hover=&#8221;#fc5e6c&#8221;][\/et_pb_button][\/et_pb_column][\/et_pb_row][\/et_pb_section]\n","protected":false},"excerpt":{"rendered":"<p><div class=\"et_pb_module lwp_divi_breadcrumbs lwp_divi_breadcrumbs_0\">\n\t\t\t\t\n\t\t\t\t\n\t\t\t\t\n\t\t\t\t\n\t\t\t\t\n\t\t\t\t\n\t\t\t\t<div class=\"et_pb_module_inner\">\n\t\t\t\t\t<div class=\"lwp-breadcrumbs\"> <span class=\"before\"><\/span> <span vocab=\"https:\/\/schema.org\/\" typeof=\"BreadcrumbList\"><span property=\"itemListElement\" typeof=\"ListItem\"><a property=\"item\" typeof=\"WebPage\" href=\"https:\/\/ekukka.fi\/wp2\/\" class=\"home\"><span property=\"name\">Etusivu<\/span><\/a><meta property=\"position\" content=\"1\"><\/span> <span class=\"separator et-pb-icon\">&#x39;<\/span> <\/span><\/div>\n\t\t\t\t<\/div>\n\t\t\t<\/div>Aidoista kukista tehty koru s\u00e4il\u00f6\u00f6 muiston ikuisesti. Osallistu arvontaan ja voita Oka Jewelry -korusetti ja eKukka-lahjakortti!\u00a0Arvomme naistenp\u00e4iv\u00e4n kunniaksi 50 \u20ac eKukka-lahjakortin ja Oka Jewelry -korusetin* valitsemistasi kukista. Oka Jewelry on suomalainen korubr\u00e4ndi, joka valmistaa ajattomia koruja aidoista kukista. Jokainen koru syntyy Oulussa k\u00e4sity\u00f6n\u00e4 ja on yksil\u00f6llinen: osa kukista on poimitaan luonnosta,<a class=\"moretag\" href=\"https:\/\/ekukka.fi\/wp2\/ekukka-oka-jewerly\/\"\u00bb Lue lis\u00e4\u00e4<\/a><\/p>\n","protected":false},"author":5,"featured_media":35974,"parent":0,"menu_order":0,"comment_status":"closed","ping_status":"closed","template":"","meta":{"_acf_changed":false,"_et_pb_use_builder":"on","_et_pb_old_content":"","_et_gb_content_width":"","inline_featured_image":false,"footnotes":""},"sivujen_kategoriat":[],"class_list":["post-35965","page","type-page","status-publish","has-post-thumbnail","hentry"],"acf":[],"_links":{"self":[{"href":"https:\/\/ekukka.fi\/wp2\/wp-json\/wp\/v2\/pages\/35965","targetHints":{"allow":["GET"]}}],"collection":[{"href":"https:\/\/ekukka.fi\/wp2\/wp-json\/wp\/v2\/pages"}],"about":[{"href":"https:\/\/ekukka.fi\/wp2\/wp-json\/wp\/v2\/types\/page"}],"author":[{"embeddable":true,"href":"https:\/\/ekukka.fi\/wp2\/wp-json\/wp\/v2\/users\/5"}],"replies":[{"embeddable":true,"href":"https:\/\/ekukka.fi\/wp2\/wp-json\/wp\/v2\/comments?post=35965"}],"version-history":[{"count":33,"href":"https:\/\/ekukka.fi\/wp2\/wp-json\/wp\/v2\/pages\/35965\/revisions"}],"predecessor-version":[{"id":36023,"href":"https:\/\/ekukka.fi\/wp2\/wp-json\/wp\/v2\/pages\/35965\/revisions\/36023"}],"wp:featuredmedia":[{"embeddable":true,"href":"https:\/\/ekukka.fi\/wp2\/wp-json\/wp\/v2\/media\/35974"}],"wp:attachment":[{"href":"https:\/\/ekukka.fi\/wp2\/wp-json\/wp\/v2\/media?parent=35965"}],"wp:term":[{"taxonomy":"sivujen_kategoriat","embeddable":true,"href":"https:\/\/ekukka.fi\/wp2\/wp-json\/wp\/v2\/sivujen_kategoriat?post=35965"}],"curies":[{"name":"wp","href":"https:\/\/api.w.org\/{rel}","templated":true}]}}