{"id":4004,"date":"2020-11-16T11:28:06","date_gmt":"2020-11-16T09:28:06","guid":{"rendered":"https:\/\/ekukka.fi\/wp2\/?page_id=4004"},"modified":"2023-02-21T17:22:36","modified_gmt":"2023-02-21T15:22:36","slug":"evasteseloste","status":"publish","type":"page","link":"https:\/\/ekukka.fi\/wp2\/evasteseloste\/","title":{"rendered":"Ev\u00e4steseloste"},"content":{"rendered":"[et_pb_section admin_label=&#8221;section&#8221;]\n\t\t\t[et_pb_row admin_label=&#8221;row&#8221;]\n\t\t\t\t[et_pb_column type=&#8221;4_4&#8243;][et_pb_text admin_label=&#8221;Text&#8221;]\n<p>Ev\u00e4steiden salliminen mahdollistaa paremman k\u00e4ytt\u00f6kokemuksen ja henkil\u00f6kohtaisemman palvelun. Kun hyv\u00e4ksyt ev\u00e4steet, voimme kehitt\u00e4\u00e4 palveluistamme entist\u00e4 parempia ja pystymme tarjoamaan sinulle kiinnostavia sis\u00e4lt\u00f6j\u00e4. <\/p>\n\n\n\n<p><a href=\"https:\/\/ekukka.fi\/cookies_setting.php\" target=\"_blank\" data-type=\"URL\" data-id=\"https:\/\/ekukka.fi\/cookies_setting.php\" rel=\"noreferrer noopener\">Lue lis\u00e4\u00e4 ev\u00e4steist\u00e4mme t\u00e4\u00e4lt\u00e4.<\/a><\/p>\n\n\n\n<h2 class=\"wp-block-heading\"><strong>Miten k\u00e4yt\u00e4mme ev\u00e4steit\u00e4<\/strong><\/h2>\n\n\n\n<p><strong>V\u00e4ltt\u00e4m\u00e4tt\u00f6m\u00e4t toiminnalliset ev\u00e4steet<\/strong><\/p>\n\n\n\n<p>N\u00e4m\u00e4 ev\u00e4steet ovat aina k\u00e4yt\u00f6ss\u00e4, jotta palvelumme toimivat. K\u00e4yt\u00e4mme toiminnallisia ev\u00e4steit\u00e4 esimerkiksi tekemiesi valintojen muistamiseen chatbot-ikkunassa ja palvelujen turvallisuuden varmistamiseen.<\/p>\n\n\n\n<p><strong>Kohdentaminen ja suosittelun ev\u00e4steet<\/strong><\/p>\n\n\n\n<p>N\u00e4iden ev\u00e4steiden avulla voimme kohdentaa sinulle sis\u00e4lt\u00f6\u00e4 sen perusteella, miten olet k\u00e4ytt\u00e4nyt palvelujamme. Ev\u00e4steet auttavat meit\u00e4 luomaan henkil\u00f6kohtaisen k\u00e4ytt\u00f6kokemuksen ja suosittelemaan sinulle kiinnostavaa sis\u00e4lt\u00f6\u00e4.<\/p>\n\n\n\n<p><strong>Palvelujamme kehitt\u00e4v\u00e4t ev\u00e4steet<\/strong><\/p>\n\n\n\n<p>Kehit\u00e4mme palvelujamme jatkuvasti. N\u00e4iden ev\u00e4steiden avulla ymm\u00e4rr\u00e4mme paremmin sivustomme palvelujen k\u00e4ytt\u00f6\u00e4. Ev\u00e4steiden avulla voimme kehitt\u00e4\u00e4 palveluistamme entist\u00e4kin parempia.<\/p>\n\n\n\n<p><strong>Sosiaalisen median upotusten ev\u00e4steet<\/strong><\/p>\n\n\n\n<p>Artikkeleiden yhteydess\u00e4 voidaan n\u00e4ytt\u00e4\u00e4 sosiaalisessa mediassa julkaistuja sis\u00e4lt\u00f6j\u00e4. Sosiaalisen median palvelut (esim. Facebook, Instagram, Twitter ja YouTube) voivat hy\u00f6dynt\u00e4\u00e4 ev\u00e4steill\u00e4 ker\u00e4ttyj\u00e4 tietoja omassa k\u00e4yt\u00f6ss\u00e4\u00e4n.<\/p>\n\n\n\n<p><strong>Lis\u00e4tietoja<\/strong><\/p>\n\n\n\n<p>Email: tuki@ekukka.fi<\/p>\n[\/et_pb_text][\/et_pb_column]\n\t\t\t[\/et_pb_row]\n\t\t[\/et_pb_section]","protected":false},"excerpt":{"rendered":"<p>Ev\u00e4steiden salliminen mahdollistaa paremman k\u00e4ytt\u00f6kokemuksen ja henkil\u00f6kohtaisemman palvelun. Kun hyv\u00e4ksyt ev\u00e4steet, voimme kehitt\u00e4\u00e4 palveluistamme entist\u00e4 parempia ja pystymme tarjoamaan sinulle kiinnostavia sis\u00e4lt\u00f6j\u00e4. Lue lis\u00e4\u00e4 ev\u00e4steist\u00e4mme t\u00e4\u00e4lt\u00e4. Miten k\u00e4yt\u00e4mme ev\u00e4steit\u00e4 V\u00e4ltt\u00e4m\u00e4tt\u00f6m\u00e4t toiminnalliset ev\u00e4steet N\u00e4m\u00e4 ev\u00e4steet ovat aina k\u00e4yt\u00f6ss\u00e4, jotta palvelumme toimivat. K\u00e4yt\u00e4mme toiminnallisia ev\u00e4steit\u00e4 esimerkiksi tekemiesi valintojen muistamiseen chatbot-ikkunassa ja palvelujen turvallisuuden varmistamiseen. Kohdentaminen ja suosittelun<a class=\"moretag\" href=\"https:\/\/ekukka.fi\/wp2\/evasteseloste\/\"\u00bb Lue lis\u00e4\u00e4<\/a><\/p>\n","protected":false},"author":5,"featured_media":0,"parent":0,"menu_order":0,"comment_status":"closed","ping_status":"closed","template":"","meta":{"_acf_changed":false,"_et_pb_use_builder":"on","_et_pb_old_content":"<!-- wp:paragraph -->\n<p>Ev\u00e4steiden salliminen mahdollistaa paremman k\u00e4ytt\u00f6kokemuksen ja henkil\u00f6kohtaisemman palvelun. Kun hyv\u00e4ksyt ev\u00e4steet, voimme kehitt\u00e4\u00e4 palveluistamme entist\u00e4 parempia ja pystymme tarjoamaan sinulle kiinnostavia sis\u00e4lt\u00f6j\u00e4. <\/p>\n<!-- \/wp:paragraph -->\n\n<!-- wp:paragraph -->\n<p><a href=\"https:\/\/ekukka.fi\/cookies_setting.php\" target=\"_blank\" data-type=\"URL\" data-id=\"https:\/\/ekukka.fi\/cookies_setting.php\" rel=\"noreferrer noopener\">Lue lis\u00e4\u00e4 ev\u00e4steist\u00e4mme t\u00e4\u00e4lt\u00e4.<\/a><\/p>\n<!-- \/wp:paragraph -->\n\n<!-- wp:heading -->\n<h2><strong>Miten k\u00e4yt\u00e4mme ev\u00e4steit\u00e4<\/strong><\/h2>\n<!-- \/wp:heading -->\n\n<!-- wp:paragraph -->\n<p><strong>V\u00e4ltt\u00e4m\u00e4tt\u00f6m\u00e4t toiminnalliset ev\u00e4steet<\/strong><\/p>\n<!-- \/wp:paragraph -->\n\n<!-- wp:paragraph -->\n<p>N\u00e4m\u00e4 ev\u00e4steet ovat aina k\u00e4yt\u00f6ss\u00e4, jotta palvelumme toimivat. K\u00e4yt\u00e4mme toiminnallisia ev\u00e4steit\u00e4 esimerkiksi tekemiesi valintojen muistamiseen chatbot-ikkunassa ja palvelujen turvallisuuden varmistamiseen.<\/p>\n<!-- \/wp:paragraph -->\n\n<!-- wp:paragraph -->\n<p><strong>Kohdentaminen ja suosittelun ev\u00e4steet<\/strong><\/p>\n<!-- \/wp:paragraph -->\n\n<!-- wp:paragraph -->\n<p>N\u00e4iden ev\u00e4steiden avulla voimme kohdentaa sinulle sis\u00e4lt\u00f6\u00e4 sen perusteella, miten olet k\u00e4ytt\u00e4nyt palvelujamme. Ev\u00e4steet auttavat meit\u00e4 luomaan henkil\u00f6kohtaisen k\u00e4ytt\u00f6kokemuksen ja suosittelemaan sinulle kiinnostavaa sis\u00e4lt\u00f6\u00e4.<\/p>\n<!-- \/wp:paragraph -->\n\n<!-- wp:paragraph -->\n<p><strong>Palvelujamme kehitt\u00e4v\u00e4t ev\u00e4steet<\/strong><\/p>\n<!-- \/wp:paragraph -->\n\n<!-- wp:paragraph -->\n<p>Kehit\u00e4mme palvelujamme jatkuvasti. N\u00e4iden ev\u00e4steiden avulla ymm\u00e4rr\u00e4mme paremmin sivustomme palvelujen k\u00e4ytt\u00f6\u00e4. Ev\u00e4steiden avulla voimme kehitt\u00e4\u00e4 palveluistamme entist\u00e4kin parempia.<\/p>\n<!-- \/wp:paragraph -->\n\n<!-- wp:paragraph -->\n<p><strong>Sosiaalisen median upotusten ev\u00e4steet<\/strong><\/p>\n<!-- \/wp:paragraph -->\n\n<!-- wp:paragraph -->\n<p>Artikkeleiden yhteydess\u00e4 voidaan n\u00e4ytt\u00e4\u00e4 sosiaalisessa mediassa julkaistuja sis\u00e4lt\u00f6j\u00e4. Sosiaalisen median palvelut (esim. Facebook, Instagram, Twitter ja YouTube) voivat hy\u00f6dynt\u00e4\u00e4 ev\u00e4steill\u00e4 ker\u00e4ttyj\u00e4 tietoja omassa k\u00e4yt\u00f6ss\u00e4\u00e4n.<\/p>\n<!-- \/wp:paragraph -->\n\n<!-- wp:paragraph -->\n<p><strong>Lis\u00e4tietoja<\/strong><\/p>\n<!-- \/wp:paragraph -->\n\n<!-- wp:paragraph -->\n<p>Email: tuki@ekukka.fi<\/p>\n<!-- \/wp:paragraph -->","_et_gb_content_width":"","inline_featured_image":false,"footnotes":""},"sivujen_kategoriat":[],"class_list":["post-4004","page","type-page","status-publish","hentry"],"acf":[],"_links":{"self":[{"href":"https:\/\/ekukka.fi\/wp2\/wp-json\/wp\/v2\/pages\/4004","targetHints":{"allow":["GET"]}}],"collection":[{"href":"https:\/\/ekukka.fi\/wp2\/wp-json\/wp\/v2\/pages"}],"about":[{"href":"https:\/\/ekukka.fi\/wp2\/wp-json\/wp\/v2\/types\/page"}],"author":[{"embeddable":true,"href":"https:\/\/ekukka.fi\/wp2\/wp-json\/wp\/v2\/users\/5"}],"replies":[{"embeddable":true,"href":"https:\/\/ekukka.fi\/wp2\/wp-json\/wp\/v2\/comments?post=4004"}],"version-history":[{"count":3,"href":"https:\/\/ekukka.fi\/wp2\/wp-json\/wp\/v2\/pages\/4004\/revisions"}],"predecessor-version":[{"id":30152,"href":"https:\/\/ekukka.fi\/wp2\/wp-json\/wp\/v2\/pages\/4004\/revisions\/30152"}],"wp:attachment":[{"href":"https:\/\/ekukka.fi\/wp2\/wp-json\/wp\/v2\/media?parent=4004"}],"wp:term":[{"taxonomy":"sivujen_kategoriat","embeddable":true,"href":"https:\/\/ekukka.fi\/wp2\/wp-json\/wp\/v2\/sivujen_kategoriat?post=4004"}],"curies":[{"name":"wp","href":"https:\/\/api.w.org\/{rel}","templated":true}]}}