{"id":5002,"date":"2020-11-19T10:06:28","date_gmt":"2020-11-19T08:06:28","guid":{"rendered":"https:\/\/ekukka.fi\/wp2\/?page_id=5002"},"modified":"2025-04-24T16:00:16","modified_gmt":"2025-04-24T13:00:16","slug":"ystavanpaivakukat","status":"publish","type":"page","link":"https:\/\/ekukka.fi\/wp2\/vinkit\/ystavanpaivakukat\/","title":{"rendered":"Yst\u00e4v\u00e4np\u00e4iv\u00e4kukat"},"content":{"rendered":"<p>[et_pb_section fb_built=&#8221;1&#8243; fullwidth=&#8221;on&#8221; _builder_version=&#8221;4.16&#8243; _module_preset=&#8221;default&#8221; use_background_color_gradient=&#8221;on&#8221; background_color_gradient_stops=&#8221;rgba(0,0,0,0.1) 0%|rgba(0,0,0,0.61) 100%&#8221; background_color_gradient_overlays_image=&#8221;on&#8221; background_color_gradient_start=&#8221;rgba(0,0,0,0.1)&#8221; background_color_gradient_end=&#8221;rgba(0,0,0,0.61)&#8221; background_image=&#8221;https:\/\/ekukka.fi\/wp2\/wp-content\/uploads\/2021\/09\/ystavan-paiva-kukat-ekukka-1.jpg&#8221; global_colors_info=&#8221;{}&#8221;][et_pb_fullwidth_header title=&#8221;Yst\u00e4v\u00e4np\u00e4iv\u00e4kukat&#8221; text_orientation=&#8221;center&#8221; _builder_version=&#8221;4.16&#8243; _module_preset=&#8221;default&#8221; title_font=&#8221;Dancing Script|700|||||||&#8221; title_font_size=&#8221;60px&#8221; title_line_height=&#8221;1.2em&#8221; subhead_font=&#8221;EB Garamond|500|||||||&#8221; subhead_font_size=&#8221;24px&#8221; background_enable_color=&#8221;off&#8221; custom_padding=&#8221;140px||140px||true|false&#8221; animation_style=&#8221;fade&#8221; animation_direction=&#8221;bottom&#8221; title_font_size_tablet=&#8221;&#8221; title_font_size_phone=&#8221;52px&#8221; title_font_size_last_edited=&#8221;on|phone&#8221; title_text_shadow_style=&#8221;preset3&#8243; title_text_shadow_color=&#8221;rgba(0,0,0,0.38)&#8221; subhead_text_shadow_style=&#8221;preset3&#8243; subhead_text_shadow_color=&#8221;rgba(0,0,0,0.38)&#8221; global_colors_info=&#8221;{}&#8221;][\/et_pb_fullwidth_header][\/et_pb_section][et_pb_section fb_built=&#8221;1&#8243; _builder_version=&#8221;4.6.6&#8243; _module_preset=&#8221;default&#8221; background_color=&#8221;#fafafa&#8221; custom_padding=&#8221;0px||0px|||&#8221; global_module=&#8221;4662&#8243; global_colors_info=&#8221;{}&#8221;][et_pb_row _builder_version=&#8221;4.16&#8243; _module_preset=&#8221;default&#8221; global_colors_info=&#8221;{}&#8221;][et_pb_column type=&#8221;4_4&#8243; _builder_version=&#8221;4.16&#8243; _module_preset=&#8221;default&#8221; global_colors_info=&#8221;{}&#8221;][lwp_divi_breadcrumbs home_text=&#8221;Etusivu&#8221; _builder_version=&#8221;4.16&#8243; _module_preset=&#8221;default&#8221; global_colors_info=&#8221;{}&#8221;][\/lwp_divi_breadcrumbs][\/et_pb_column][\/et_pb_row][\/et_pb_section][et_pb_section fb_built=&#8221;1&#8243; admin_label=&#8221;Explore Story Section&#8221; _builder_version=&#8221;4.16&#8243; min_height=&#8221;1022.8px&#8221; custom_margin=&#8221;||-335px|||&#8221; custom_padding=&#8221;60px||65px|||&#8221; global_colors_info=&#8221;{}&#8221;][et_pb_row admin_label=&#8221;Text Area&#8221; _builder_version=&#8221;4.16&#8243; max_width=&#8221;700px&#8221; custom_padding=&#8221;20px|||&#8221; use_custom_width=&#8221;on&#8221; custom_width_px=&#8221;700px&#8221; global_colors_info=&#8221;{}&#8221;][et_pb_column type=&#8221;4_4&#8243; _builder_version=&#8221;4.16&#8243; custom_padding=&#8221;|||&#8221; global_colors_info=&#8221;{}&#8221; custom_padding__hover=&#8221;|||&#8221;][et_pb_text admin_label=&#8221;Title&#8221; _builder_version=&#8221;4.16&#8243; text_font=&#8221;||||||||&#8221; header_font=&#8221;EB Garamond||||||||&#8221; header_2_font=&#8221;EB Garamond|600|||||||&#8221; header_2_text_align=&#8221;center&#8221; header_2_text_color=&#8221;#042A2B&#8221; header_2_font_size=&#8221;36px&#8221; header_2_line_height=&#8221;1.4em&#8221; custom_margin=&#8221;||5px|&#8221; animation_style=&#8221;fade&#8221; animation_direction=&#8221;bottom&#8221; animation_starting_opacity=&#8221;100%&#8221; global_colors_info=&#8221;{}&#8221;]<\/p>\n<h2>Yst\u00e4v\u00e4np\u00e4iv\u00e4n\u00e4 on aika kertoa tunteistaan &#8211; parhain sanaton tapa v\u00e4litt\u00e4\u00e4 tunteita on tietysti kukkal\u00e4hetys.<\/h2>\n<p>[\/et_pb_text][et_pb_divider color=&#8221;#DDC9B4&#8243; divider_position=&#8221;center&#8221; divider_weight=&#8221;8px&#8221; _builder_version=&#8221;4.16&#8243; max_width=&#8221;50px&#8221; module_alignment=&#8221;center&#8221; animation_style=&#8221;fade&#8221; global_colors_info=&#8221;{}&#8221;][\/et_pb_divider][\/et_pb_column][\/et_pb_row][et_pb_row admin_label=&#8221;Text Area&#8221; _builder_version=&#8221;4.16&#8243; max_width=&#8221;700px&#8221; custom_padding=&#8221;20px|||&#8221; use_custom_width=&#8221;on&#8221; custom_width_px=&#8221;700px&#8221; global_colors_info=&#8221;{}&#8221;][et_pb_column type=&#8221;4_4&#8243; _builder_version=&#8221;4.16&#8243; custom_padding=&#8221;|||&#8221; global_colors_info=&#8221;{}&#8221; custom_padding__hover=&#8221;|||&#8221;][et_pb_text _builder_version=&#8221;4.16&#8243; text_font=&#8221;|300|||||||&#8221; text_font_size=&#8221;18px&#8221; text_line_height=&#8221;1.8em&#8221; text_orientation=&#8221;center&#8221; animation_style=&#8221;fade&#8221; animation_direction=&#8221;bottom&#8221; animation_starting_opacity=&#8221;100%&#8221; global_colors_info=&#8221;{}&#8221;]<\/p>\n<p><span>Vuosittain 14.2. vietett\u00e4v\u00e4 yst\u00e4v\u00e4np\u00e4iv\u00e4 on yst\u00e4vyyden ja rakkauden juhlap\u00e4iv\u00e4. <\/span><\/p>\n<p><span>Yst\u00e4v\u00e4np\u00e4iv\u00e4kukat ovat suosittu ja ajaton tapa kertoa tunteista kaikille el\u00e4m\u00e4mme t\u00e4rkeimmille ihmisille. Millaiset kukat kannattaa valita kumppanille tai yst\u00e4v\u00e4lle? Ota asiasta selv\u00e4\u00e4 n\u00e4iden vinkkien avulla ja tilaa yll\u00e4tt\u00e4v\u00e4 tai romanttinen kukkal\u00e4hetys suoraan l\u00e4himm\u00e4isesi kotiovelle!<\/span><\/p>\n<p>[\/et_pb_text][\/et_pb_column][\/et_pb_row][et_pb_row admin_label=&#8221;Contributor CTA&#8221; _builder_version=&#8221;4.16&#8243; custom_margin=&#8221;|auto|-40px|auto||&#8221; custom_padding=&#8221;19px|||&#8221; global_colors_info=&#8221;{}&#8221;][et_pb_column type=&#8221;4_4&#8243; _builder_version=&#8221;4.16&#8243; custom_padding=&#8221;|||&#8221; global_colors_info=&#8221;{}&#8221; custom_padding__hover=&#8221;|||&#8221;][et_pb_button button_url=&#8221;\/&#8221; button_text=&#8221;Tilaa yst\u00e4v\u00e4np\u00e4iv\u00e4kukat&#8221; button_alignment=&#8221;center&#8221; _builder_version=&#8221;4.20.0&#8243; _module_preset=&#8221;default&#8221; custom_button=&#8221;on&#8221; button_text_color=&#8221;#ffffff&#8221; button_bg_color=&#8221;#54A800&#8243; button_border_color=&#8221;#54A800&#8243; global_colors_info=&#8221;{}&#8221; button_bg_color__hover_enabled=&#8221;on|hover&#8221; button_bg_color__hover=&#8221;#fc5e6c&#8221; button_bg_enable_color__hover=&#8221;on&#8221; button_border_color__hover_enabled=&#8221;on|hover&#8221; button_border_color__hover=&#8221;#fc5e6c&#8221;][\/et_pb_button][\/et_pb_column][\/et_pb_row][\/et_pb_section][et_pb_section fb_built=&#8221;1&#8243; _builder_version=&#8221;4.16&#8243; _module_preset=&#8221;default&#8221; background_color=&#8221;#fafafa&#8221; min_height=&#8221;481px&#8221; custom_margin=&#8221;-88px|||||&#8221; custom_padding=&#8221;100px||166px|||&#8221; global_colors_info=&#8221;{}&#8221;][et_pb_row column_structure=&#8221;1_2,1_2&#8243; _builder_version=&#8221;4.16&#8243; _module_preset=&#8221;default&#8221; global_colors_info=&#8221;{}&#8221;][et_pb_column type=&#8221;1_2&#8243; _builder_version=&#8221;4.16&#8243; _module_preset=&#8221;default&#8221; global_colors_info=&#8221;{}&#8221;][et_pb_image src=&#8221;https:\/\/ekukka.fi\/wp2\/wp-content\/uploads\/2023\/01\/leinikkikimppu-kukkien-varit-ekukka.jpg&#8221; _builder_version=&#8221;4.21.0&#8243; _module_preset=&#8221;default&#8221; global_colors_info=&#8221;{}&#8221;][\/et_pb_image][\/et_pb_column][et_pb_column type=&#8221;1_2&#8243; _builder_version=&#8221;4.16&#8243; _module_preset=&#8221;default&#8221; global_colors_info=&#8221;{}&#8221;][et_pb_text admin_label=&#8221;Title&#8221; _builder_version=&#8221;4.16&#8243; text_font=&#8221;||||||||&#8221; header_font=&#8221;EB Garamond||||||||&#8221; header_text_align=&#8221;left&#8221; header_2_font=&#8221;EB Garamond|600|||||||&#8221; header_2_text_align=&#8221;left&#8221; header_2_text_color=&#8221;#042A2B&#8221; header_2_font_size=&#8221;36px&#8221; header_2_line_height=&#8221;1.4em&#8221; custom_margin=&#8221;||5px|&#8221; animation_style=&#8221;fade&#8221; animation_direction=&#8221;bottom&#8221; animation_starting_opacity=&#8221;100%&#8221; global_colors_info=&#8221;{}&#8221;]<\/p>\n<h2>Kukkakimppu yst\u00e4v\u00e4np\u00e4iv\u00e4ksi<\/h2>\n<p>[\/et_pb_text][et_pb_divider color=&#8221;#DDC9B4&#8243; divider_position=&#8221;center&#8221; divider_weight=&#8221;8px&#8221; _builder_version=&#8221;4.16&#8243; max_width=&#8221;50px&#8221; module_alignment=&#8221;left&#8221; animation_style=&#8221;fade&#8221; global_colors_info=&#8221;{}&#8221;][\/et_pb_divider][et_pb_text _builder_version=&#8221;4.16&#8243; text_font=&#8221;|300|||||||&#8221; text_font_size=&#8221;18px&#8221; text_line_height=&#8221;1.8em&#8221; animation_style=&#8221;fade&#8221; animation_direction=&#8221;bottom&#8221; animation_starting_opacity=&#8221;100%&#8221; global_colors_info=&#8221;{}&#8221;]<\/p>\n<p><span>Keltainen leinikkikimppu kertoo yst\u00e4vyydest\u00e4, mutta tied\u00e4tk\u00f6, mit\u00e4 muut v\u00e4rit viestiv\u00e4t? Ota selv\u00e4\u00e4 ja tilaa yst\u00e4v\u00e4lle unohtumaton kukkalahja!<\/span><\/p>\n<p>[\/et_pb_text][et_pb_button button_url=&#8221;@ET-DC@eyJkeW5hbWljIjp0cnVlLCJjb250ZW50IjoicG9zdF9saW5rX3VybF9wb3N0Iiwic2V0dGluZ3MiOnsicG9zdF9pZCI6IjI5MTc3In19@&#8221; button_text=&#8221;3 kimppuideaa&#8221; button_alignment=&#8221;left&#8221; _builder_version=&#8221;4.20.0&#8243; _dynamic_attributes=&#8221;button_url&#8221; _module_preset=&#8221;default&#8221; custom_button=&#8221;on&#8221; button_text_color=&#8221;#ffffff&#8221; button_bg_color=&#8221;#54A800&#8243; button_border_color=&#8221;#54A800&#8243; global_colors_info=&#8221;{}&#8221; button_bg_color__hover_enabled=&#8221;on|hover&#8221; button_bg_color__hover=&#8221;#fc5e6c&#8221; button_bg_enable_color__hover=&#8221;on&#8221; button_border_color__hover_enabled=&#8221;on|hover&#8221; button_border_color__hover=&#8221;#fc5e6c&#8221;][\/et_pb_button][\/et_pb_column][\/et_pb_row][\/et_pb_section][et_pb_section fb_built=&#8221;1&#8243; _builder_version=&#8221;4.20.0&#8243; _module_preset=&#8221;default&#8221; background_color=&#8221;#FFFFFF&#8221; min_height=&#8221;522px&#8221; custom_margin=&#8221;-88px|||||&#8221; custom_padding=&#8221;100px||79px|||&#8221; global_colors_info=&#8221;{}&#8221;][et_pb_row column_structure=&#8221;1_2,1_2&#8243; _builder_version=&#8221;4.16&#8243; _module_preset=&#8221;default&#8221; global_colors_info=&#8221;{}&#8221;][et_pb_column type=&#8221;1_2&#8243; _builder_version=&#8221;4.16&#8243; _module_preset=&#8221;default&#8221; global_colors_info=&#8221;{}&#8221;][et_pb_image src=&#8221;https:\/\/ekukka.fi\/wp2\/wp-content\/uploads\/2023\/01\/tulppaani-lajikkeita-tulppaanien-hoito-ekukka.jpg&#8221; _builder_version=&#8221;4.21.0&#8243; _module_preset=&#8221;default&#8221; global_colors_info=&#8221;{}&#8221;][\/et_pb_image][\/et_pb_column][et_pb_column type=&#8221;1_2&#8243; _builder_version=&#8221;4.16&#8243; _module_preset=&#8221;default&#8221; global_colors_info=&#8221;{}&#8221;][et_pb_text admin_label=&#8221;Title&#8221; _builder_version=&#8221;4.16&#8243; text_font=&#8221;||||||||&#8221; header_font=&#8221;EB Garamond||||||||&#8221; header_text_align=&#8221;left&#8221; header_2_font=&#8221;EB Garamond|600|||||||&#8221; header_2_text_align=&#8221;left&#8221; header_2_text_color=&#8221;#042A2B&#8221; header_2_font_size=&#8221;36px&#8221; header_2_line_height=&#8221;1.4em&#8221; custom_margin=&#8221;||5px|&#8221; animation_style=&#8221;fade&#8221; animation_direction=&#8221;bottom&#8221; animation_starting_opacity=&#8221;100%&#8221; global_colors_info=&#8221;{}&#8221;]<\/p>\n<h2>Tulppaanien sesonki ajoittuu yst\u00e4v\u00e4np\u00e4iv\u00e4\u00e4n<\/h2>\n<p>[\/et_pb_text][et_pb_divider color=&#8221;#DDC9B4&#8243; divider_position=&#8221;center&#8221; divider_weight=&#8221;8px&#8221; _builder_version=&#8221;4.16&#8243; max_width=&#8221;50px&#8221; module_alignment=&#8221;left&#8221; animation_style=&#8221;fade&#8221; global_colors_info=&#8221;{}&#8221;][\/et_pb_divider][et_pb_text _builder_version=&#8221;4.16&#8243; text_font=&#8221;|300|||||||&#8221; text_font_size=&#8221;18px&#8221; text_line_height=&#8221;1.8em&#8221; animation_style=&#8221;fade&#8221; animation_direction=&#8221;bottom&#8221; animation_starting_opacity=&#8221;100%&#8221; global_colors_info=&#8221;{}&#8221;]<\/p>\n<p><span>Rakastettujen tulppaanien paras sesonki ajoittuu tammi-helmikuulle, eli juuri sopivasti yst\u00e4v\u00e4np\u00e4iv\u00e4\u00e4n. Raikas tulppaanikimppu on lupaus tulevasta kev\u00e4\u00e4st\u00e4.<\/span><\/p>\n<p>[\/et_pb_text][et_pb_button button_url=&#8221;@ET-DC@eyJkeW5hbWljIjp0cnVlLCJjb250ZW50IjoicG9zdF9saW5rX3VybF9wb3N0Iiwic2V0dGluZ3MiOnsicG9zdF9pZCI6IjUyODUifX0=@&#8221; button_text=&#8221;Tutustu tulppaaneihin&#8221; button_alignment=&#8221;left&#8221; _builder_version=&#8221;4.20.0&#8243; _dynamic_attributes=&#8221;button_url&#8221; _module_preset=&#8221;default&#8221; custom_button=&#8221;on&#8221; button_text_color=&#8221;#ffffff&#8221; button_bg_color=&#8221;#54A800&#8243; button_border_color=&#8221;#54A800&#8243; global_colors_info=&#8221;{}&#8221; button_bg_color__hover_enabled=&#8221;on|hover&#8221; button_bg_color__hover=&#8221;#fc5e6c&#8221; button_bg_enable_color__hover=&#8221;on&#8221; button_border_color__hover_enabled=&#8221;on|hover&#8221; button_border_color__hover=&#8221;#fc5e6c&#8221;][\/et_pb_button][\/et_pb_column][\/et_pb_row][\/et_pb_section][et_pb_section fb_built=&#8221;1&#8243; _builder_version=&#8221;4.20.0&#8243; _module_preset=&#8221;default&#8221; background_color=&#8221;#FAFAFA&#8221; min_height=&#8221;453px&#8221; custom_margin=&#8221;-6px|||||&#8221; custom_padding=&#8221;100px|||||&#8221; global_colors_info=&#8221;{}&#8221;][et_pb_row column_structure=&#8221;1_2,1_2&#8243; _builder_version=&#8221;4.16&#8243; _module_preset=&#8221;default&#8221; global_colors_info=&#8221;{}&#8221;][et_pb_column type=&#8221;1_2&#8243; _builder_version=&#8221;4.16&#8243; _module_preset=&#8221;default&#8221; global_colors_info=&#8221;{}&#8221;][et_pb_image src=&#8221;https:\/\/ekukka.fi\/wp2\/wp-content\/uploads\/2021\/11\/helppohoitoiset-viherkasvit-herttakoynnosvehka.jpg&#8221; _builder_version=&#8221;4.21.0&#8243; _module_preset=&#8221;default&#8221; global_colors_info=&#8221;{}&#8221;][\/et_pb_image][\/et_pb_column][et_pb_column type=&#8221;1_2&#8243; _builder_version=&#8221;4.16&#8243; _module_preset=&#8221;default&#8221; global_colors_info=&#8221;{}&#8221;][et_pb_text admin_label=&#8221;Title&#8221; _builder_version=&#8221;4.16&#8243; text_font=&#8221;||||||||&#8221; header_font=&#8221;EB Garamond||||||||&#8221; header_text_align=&#8221;left&#8221; header_2_font=&#8221;EB Garamond|600|||||||&#8221; header_2_text_align=&#8221;left&#8221; header_2_text_color=&#8221;#042A2B&#8221; header_2_font_size=&#8221;36px&#8221; header_2_line_height=&#8221;1.4em&#8221; custom_margin=&#8221;||5px|&#8221; animation_style=&#8221;fade&#8221; animation_direction=&#8221;bottom&#8221; animation_starting_opacity=&#8221;100%&#8221; global_colors_info=&#8221;{}&#8221;]<\/p>\n<h2>Helppohoitoinen viherkasvi ilahduttaa jokaista viherpeukaloa<\/h2>\n<p>[\/et_pb_text][et_pb_divider color=&#8221;#DDC9B4&#8243; divider_position=&#8221;center&#8221; divider_weight=&#8221;8px&#8221; _builder_version=&#8221;4.16&#8243; max_width=&#8221;50px&#8221; module_alignment=&#8221;left&#8221; animation_style=&#8221;fade&#8221; global_colors_info=&#8221;{}&#8221;][\/et_pb_divider][et_pb_text _builder_version=&#8221;4.20.0&#8243; text_font=&#8221;|300|||||||&#8221; text_font_size=&#8221;18px&#8221; text_line_height=&#8221;1.8em&#8221; animation_style=&#8221;fade&#8221; animation_direction=&#8221;bottom&#8221; animation_starting_opacity=&#8221;100%&#8221; global_colors_info=&#8221;{}&#8221;]<\/p>\n<p><span>Viherkasvista on iloa vuosiksi eteenp\u00e4in. N\u00e4ill\u00e4 helpoilla kasveilla yst\u00e4v\u00e4 p\u00e4\u00e4see alkuun, vaikka h\u00e4nen viherpeukalonsa olisikin keskell\u00e4 k\u00e4mment\u00e4.\u00a0<\/span><\/p>\n<p>[\/et_pb_text][et_pb_button button_url=&#8221;@ET-DC@eyJkeW5hbWljIjp0cnVlLCJjb250ZW50IjoicG9zdF9saW5rX3VybF9wb3N0Iiwic2V0dGluZ3MiOnsicG9zdF9pZCI6IjUzNzQifX0=@&#8221; button_text=&#8221;Lue lis\u00e4\u00e4&#8221; button_alignment=&#8221;left&#8221; _builder_version=&#8221;4.20.0&#8243; _dynamic_attributes=&#8221;button_url&#8221; _module_preset=&#8221;default&#8221; custom_button=&#8221;on&#8221; button_text_color=&#8221;#ffffff&#8221; button_bg_color=&#8221;#54A800&#8243; button_border_color=&#8221;#54A800&#8243; global_colors_info=&#8221;{}&#8221; button_bg_color__hover_enabled=&#8221;on|hover&#8221; button_bg_color__hover=&#8221;#fc5e6c&#8221; button_bg_enable_color__hover=&#8221;on&#8221; button_border_color__hover_enabled=&#8221;on|hover&#8221; button_border_color__hover=&#8221;#fc5e6c&#8221;][\/et_pb_button][\/et_pb_column][\/et_pb_row][\/et_pb_section]<\/p>\n","protected":false},"excerpt":{"rendered":"<p><div class=\"et_pb_module lwp_divi_breadcrumbs lwp_divi_breadcrumbs_0\">\n\t\t\t\t\n\t\t\t\t\n\t\t\t\t\n\t\t\t\t\n\t\t\t\t\n\t\t\t\t\n\t\t\t\t<div class=\"et_pb_module_inner\">\n\t\t\t\t\t<div class=\"lwp-breadcrumbs\"> <span class=\"before\"><\/span> <span vocab=\"https:\/\/schema.org\/\" typeof=\"BreadcrumbList\"><span property=\"itemListElement\" typeof=\"ListItem\"><a property=\"item\" typeof=\"WebPage\" href=\"https:\/\/ekukka.fi\/wp2\/\" class=\"home\"><span property=\"name\">Etusivu<\/span><\/a><meta property=\"position\" content=\"1\"><\/span> <span class=\"separator et-pb-icon\">&#x39;<\/span> <\/span><\/div>\n\t\t\t\t<\/div>\n\t\t\t<\/div>Yst\u00e4v\u00e4np\u00e4iv\u00e4n\u00e4 on aika kertoa tunteistaan &#8211; parhain sanaton tapa v\u00e4litt\u00e4\u00e4 tunteita on tietysti kukkal\u00e4hetys.Vuosittain 14.2. vietett\u00e4v\u00e4 yst\u00e4v\u00e4np\u00e4iv\u00e4 on yst\u00e4vyyden ja rakkauden juhlap\u00e4iv\u00e4. Yst\u00e4v\u00e4np\u00e4iv\u00e4kukat ovat suosittu ja ajaton tapa kertoa tunteista kaikille el\u00e4m\u00e4mme t\u00e4rkeimmille ihmisille. Millaiset kukat kannattaa valita kumppanille tai yst\u00e4v\u00e4lle? Ota asiasta selv\u00e4\u00e4 n\u00e4iden vinkkien avulla ja tilaa yll\u00e4tt\u00e4v\u00e4 tai<a class=\"moretag\" href=\"https:\/\/ekukka.fi\/wp2\/vinkit\/ystavanpaivakukat\/\"\u00bb Lue lis\u00e4\u00e4<\/a><\/p>\n","protected":false},"author":5,"featured_media":0,"parent":2,"menu_order":0,"comment_status":"closed","ping_status":"closed","template":"","meta":{"_acf_changed":false,"_et_pb_use_builder":"on","_et_pb_old_content":"","_et_gb_content_width":"","inline_featured_image":false,"footnotes":""},"sivujen_kategoriat":[],"class_list":["post-5002","page","type-page","status-publish","hentry"],"acf":[],"_links":{"self":[{"href":"https:\/\/ekukka.fi\/wp2\/wp-json\/wp\/v2\/pages\/5002","targetHints":{"allow":["GET"]}}],"collection":[{"href":"https:\/\/ekukka.fi\/wp2\/wp-json\/wp\/v2\/pages"}],"about":[{"href":"https:\/\/ekukka.fi\/wp2\/wp-json\/wp\/v2\/types\/page"}],"author":[{"embeddable":true,"href":"https:\/\/ekukka.fi\/wp2\/wp-json\/wp\/v2\/users\/5"}],"replies":[{"embeddable":true,"href":"https:\/\/ekukka.fi\/wp2\/wp-json\/wp\/v2\/comments?post=5002"}],"version-history":[{"count":33,"href":"https:\/\/ekukka.fi\/wp2\/wp-json\/wp\/v2\/pages\/5002\/revisions"}],"predecessor-version":[{"id":34636,"href":"https:\/\/ekukka.fi\/wp2\/wp-json\/wp\/v2\/pages\/5002\/revisions\/34636"}],"up":[{"embeddable":true,"href":"https:\/\/ekukka.fi\/wp2\/wp-json\/wp\/v2\/pages\/2"}],"wp:attachment":[{"href":"https:\/\/ekukka.fi\/wp2\/wp-json\/wp\/v2\/media?parent=5002"}],"wp:term":[{"taxonomy":"sivujen_kategoriat","embeddable":true,"href":"https:\/\/ekukka.fi\/wp2\/wp-json\/wp\/v2\/sivujen_kategoriat?post=5002"}],"curies":[{"name":"wp","href":"https:\/\/api.w.org\/{rel}","templated":true}]}}